{"id":6599,"date":"2014-08-17T12:26:32","date_gmt":"2014-08-17T10:26:32","guid":{"rendered":"https:\/\/www.sparvagssallskapet.se\/?page_id=6599"},"modified":"2023-04-26T17:08:06","modified_gmt":"2023-04-26T15:08:06","slug":"local-chapters","status":"publish","type":"page","link":"https:\/\/www.sparvagssallskapet.se\/en\/local-chapters\/","title":{"rendered":"Local chapters"},"content":{"rendered":"<p>The Swedish Tramway Society currently has eight local chapters or clubs.<\/p>\n<p><img loading=\"lazy\" decoding=\"async\" class=\"alignright wp-image-8662\" src=\"https:\/\/www.sparvagssallskapet.se\/wordpress\/wp-content\/uploads\/2014\/08\/SSS-lokalavdelningar-20151-130x300.gif\" alt=\"Lokalavdelningar 2015\" width=\"200\" height=\"463\" srcset=\"https:\/\/www.sparvagssallskapet.se\/wordpress\/wp-content\/uploads\/2014\/08\/SSS-lokalavdelningar-20151-130x300.gif 130w, https:\/\/www.sparvagssallskapet.se\/wordpress\/wp-content\/uploads\/2014\/08\/SSS-lokalavdelningar-20151-443x1024.gif 443w\" sizes=\"auto, (max-width: 200px) 100vw, 200px\" \/><\/p>\n<p><img loading=\"lazy\" decoding=\"async\" class=\"alignleft size-full wp-image-507\" src=\"https:\/\/www.sparvagssallskapet.se\/wordpress\/wp-content\/uploads\/2013\/08\/gavle.gif\" alt=\"G\u00e4vle\" width=\"32\" height=\"32\" \/> The G\u00e4vle chapter &#8211; the smallest chapter, but a very active one<\/p>\n<p><img loading=\"lazy\" decoding=\"async\" class=\"alignleft size-full wp-image-508\" src=\"https:\/\/www.sparvagssallskapet.se\/wordpress\/wp-content\/uploads\/2013\/08\/goteborg.gif\" alt=\"G\u00f6teborg\" width=\"32\" height=\"32\" \/> The Gothenburg chapter &#8211; in Sweden&#8217;s largest tramway city<\/p>\n<p><img loading=\"lazy\" decoding=\"async\" class=\"alignleft size-full wp-image-509\" src=\"https:\/\/www.sparvagssallskapet.se\/wordpress\/wp-content\/uploads\/2013\/08\/malmo.gif\" alt=\"Malm\u00f6\" width=\"32\" height=\"32\" \/> The Malm\u00f6 chapter &#8211; the southernmost chapter, with its own museum tramway, <a href=\"http:\/\/www.mss.se\" target=\"_blank\" rel=\"noopener\">MSS<\/a><\/p>\n<p><img loading=\"lazy\" decoding=\"async\" class=\"alignleft size-full wp-image-510\" src=\"https:\/\/www.sparvagssallskapet.se\/wordpress\/wp-content\/uploads\/2013\/08\/stockholm.gif\" alt=\"Stockholm\" width=\"32\" height=\"32\" \/> The Stockholm chapter &#8211; the largest chapter, runs <a href=\"https:\/\/www.djurgardslinjen.se\" target=\"_blank\" rel=\"noopener\">the Djurg\u00e5rden Line, 7N<\/a><\/p>\n<p><img loading=\"lazy\" decoding=\"async\" class=\"alignleft size-full wp-image-512\" src=\"https:\/\/www.sparvagssallskapet.se\/wordpress\/wp-content\/uploads\/2013\/08\/sundsvall.gif\" alt=\"Sundsvall\" width=\"32\" height=\"32\" \/> The Sundsvall chapter &#8211; the northernmost chapter<\/p>\n<p><img loading=\"lazy\" decoding=\"async\" class=\"alignleft wp-image-8664 size-full\" src=\"https:\/\/www.sparvagssallskapet.se\/wordpress\/wp-content\/uploads\/2014\/08\/sormland.gif\" alt=\"\" width=\"28\" height=\"32\" \/> The S\u00f6rmland chapter\u00a0&#8211; the newest chapter, with <a href=\"https:\/\/www.muma.se\" target=\"_blank\" rel=\"noopener\">The Malmk\u00f6ping museum tramway<\/a><\/p>\n<p><img loading=\"lazy\" decoding=\"async\" class=\"alignleft size-full wp-image-513\" src=\"https:\/\/www.sparvagssallskapet.se\/wordpress\/wp-content\/uploads\/2013\/08\/uppsala.gif\" alt=\"Uppsala\" width=\"32\" height=\"32\" \/> The Uppsala chapter &#8211; with a focus on vintage bus service and <a title=\"Rent a bus\" href=\"https:\/\/www.sparvagssallskapet.se\/en\/rent-a-bus\/\">bus charters<\/a><\/p>\n<p><img loading=\"lazy\" decoding=\"async\" class=\"alignleft size-full wp-image-514\" src=\"https:\/\/www.sparvagssallskapet.se\/wordpress\/wp-content\/uploads\/2013\/08\/ostergotland.gif\" alt=\"\u00d6stg\u00f6ta\" width=\"32\" height=\"32\" \/> The \u00d6sterg\u00f6tland chapter &#8211; the chapter in Norrk\u00f6ping, <a title=\"Vintage trams in Norrk\u00f6ping\" href=\"https:\/\/www.sparvagssallskapet.se\/en\/norrkoping\/\">operates vintage trams<\/a><\/p>\n","protected":false},"excerpt":{"rendered":"<p>The Swedish Tramway Society currently has eight local chapters or clubs. The G\u00e4vle chapter &#8211; the smallest chapter, but a very active one The Gothenburg chapter &#8211; in Sweden&#8217;s largest tramway city The Malm\u00f6 chapter &#8211; the southernmost chapter, with its own museum tramway, MSS The Stockholm chapter &#8211; the largest chapter, runs the Djurg\u00e5rden [&hellip;]<\/p>\n","protected":false},"author":3,"featured_media":0,"parent":0,"menu_order":0,"comment_status":"closed","ping_status":"closed","template":"","meta":{"footnotes":""},"class_list":["post-6599","page","type-page","status-publish","hentry"],"publishpress_future_action":{"enabled":false,"date":"2026-05-11 09:09:28","action":"change-status","newStatus":"draft","terms":[],"taxonomy":"translation_priority","extraData":[]},"publishpress_future_workflow_manual_trigger":{"enabledWorkflows":[]},"_links":{"self":[{"href":"https:\/\/www.sparvagssallskapet.se\/en\/wp-json\/wp\/v2\/pages\/6599","targetHints":{"allow":["GET"]}}],"collection":[{"href":"https:\/\/www.sparvagssallskapet.se\/en\/wp-json\/wp\/v2\/pages"}],"about":[{"href":"https:\/\/www.sparvagssallskapet.se\/en\/wp-json\/wp\/v2\/types\/page"}],"author":[{"embeddable":true,"href":"https:\/\/www.sparvagssallskapet.se\/en\/wp-json\/wp\/v2\/users\/3"}],"replies":[{"embeddable":true,"href":"https:\/\/www.sparvagssallskapet.se\/en\/wp-json\/wp\/v2\/comments?post=6599"}],"version-history":[{"count":0,"href":"https:\/\/www.sparvagssallskapet.se\/en\/wp-json\/wp\/v2\/pages\/6599\/revisions"}],"wp:attachment":[{"href":"https:\/\/www.sparvagssallskapet.se\/en\/wp-json\/wp\/v2\/media?parent=6599"}],"curies":[{"name":"wp","href":"https:\/\/api.w.org\/{rel}","templated":true}]}}