{"id":1389,"date":"2013-08-26T10:45:40","date_gmt":"2013-08-26T08:45:40","guid":{"rendered":"https:\/\/www.sparvagssallskapet.se\/?page_id=1389"},"modified":"2024-03-03T08:15:51","modified_gmt":"2024-03-03T07:15:51","slug":"contact-us","status":"publish","type":"page","link":"https:\/\/www.sparvagssallskapet.se\/en\/contact-us\/","title":{"rendered":"Contact us"},"content":{"rendered":"<p><img loading=\"lazy\" decoding=\"async\" class=\"size-medium wp-image-441 alignright\" src=\"https:\/\/www.sparvagssallskapet.se\/wordpress\/wp-content\/uploads\/2013\/08\/Dan-Carl-brevlada-211x300.jpg\" alt=\"Dan och Carl med brevl\u00e5da\" width=\"211\" height=\"300\" \/>If you have questions or information for us at Svenska Sp\u00e5rv\u00e4gss\u00e4llskapet, please use the form below to contact us.<\/p>\n<h3>Address<\/h3>\n<p>Svenska Sp\u00e5rv\u00e4gss\u00e4llskapet (SSS)<br \/>\nFalkenbergsgatan 2<br \/>\n115 21 Stockholm<br \/>\n<a href=\"&#x6d;&#97;i&#x6c;&#116;o&#x3a;&#x69;&#110;&#x66;&#x6f;&#64;s&#x70;&#97;r&#x76;&#x61;&#103;&#x73;&#x73;&#97;l&#x6c;&#115;k&#x61;&#x70;&#101;&#x74;&#x2e;&#115;e\">&#x69;&#x6e;&#x66;&#x6f;&#x40;&#x73;&#x70;&#x61;&#x72;&#x76;&#x61;&#x67;&#x73;&#x73;&#x61;&#x6c;&#x6c;&#x73;&#x6b;&#x61;&#x70;&#x65;&#x74;&#x2e;&#x73;&#x65;<\/a><br \/>\nIBAN: SE90 5000 0000 0536 4100 5825<br \/>\nBIC: ESSESESS<br \/>\nbankgiro: 5085-3993<br \/>\nswish: 123 667 71 24<\/p>\n<p>The membership office is open on Tuesday evenings from 17.30 to 21.00 for members of SJK and SSS<\/p>\n<h3>E-mail us<\/h3>\n\n<div class=\"wpcf7 no-js\" id=\"wpcf7-f1612-o1\" lang=\"sv-SE\" dir=\"ltr\" data-wpcf7-id=\"1612\">\n<div class=\"screen-reader-response\"><p role=\"status\" aria-live=\"polite\" aria-atomic=\"true\"><\/p> <ul><\/ul><\/div>\n<form action=\"\/en\/wp-json\/wp\/v2\/pages\/1389#wpcf7-f1612-o1\" method=\"post\" class=\"wpcf7-form init\" aria-label=\"Kontaktformul\u00e4r\" novalidate=\"novalidate\" data-status=\"init\">\n<fieldset class=\"hidden-fields-container\"><input type=\"hidden\" name=\"_wpcf7\" value=\"1612\" \/><input type=\"hidden\" name=\"_wpcf7_version\" value=\"6.1.5\" \/><input type=\"hidden\" name=\"_wpcf7_locale\" value=\"sv_SE\" \/><input type=\"hidden\" name=\"_wpcf7_unit_tag\" value=\"wpcf7-f1612-o1\" \/><input type=\"hidden\" name=\"_wpcf7_container_post\" value=\"0\" \/><input type=\"hidden\" name=\"_wpcf7_posted_data_hash\" value=\"\" \/>\n<\/fieldset>\n<p>Send to\n<\/p>\n<p><span class=\"wpcf7-form-control-wrap\" data-name=\"your-recipient\"><select class=\"wpcf7-form-control wpcf7-select wpcf7-validates-as-required\" aria-required=\"true\" aria-invalid=\"false\" name=\"your-recipient\"><option value=\"Infomaster\">Infomaster<\/option><option value=\"Member directory\">Member directory<\/option><option value=\"Chairman\">Chairman<\/option><option value=\"Webmaster\">Webmaster<\/option><\/select><\/span>\n<\/p>\n<p>Your name (required)\n<\/p>\n<p><span class=\"wpcf7-form-control-wrap\" data-name=\"your-name\"><input size=\"40\" maxlength=\"400\" class=\"wpcf7-form-control wpcf7-text wpcf7-validates-as-required\" aria-required=\"true\" aria-invalid=\"false\" value=\"\" type=\"text\" name=\"your-name\" \/><\/span>\n<\/p>\n<p>Your e-mail (required)\n<\/p>\n<p><span class=\"wpcf7-form-control-wrap\" data-name=\"your-email\"><input size=\"40\" maxlength=\"400\" class=\"wpcf7-form-control wpcf7-email wpcf7-validates-as-required wpcf7-text wpcf7-validates-as-email\" aria-required=\"true\" aria-invalid=\"false\" value=\"\" type=\"email\" name=\"your-email\" \/><\/span>\n<\/p>\n<p>Subject (required)\n<\/p>\n<p><span class=\"wpcf7-form-control-wrap\" data-name=\"your-subject\"><input size=\"40\" maxlength=\"400\" class=\"wpcf7-form-control wpcf7-text wpcf7-validates-as-required\" aria-required=\"true\" aria-invalid=\"false\" value=\"\" type=\"text\" name=\"your-subject\" \/><\/span>\n<\/p>\n<p>Your Message (required)\n<\/p>\n<p><span class=\"wpcf7-form-control-wrap\" data-name=\"your-message\"><textarea cols=\"40\" rows=\"10\" maxlength=\"2000\" class=\"wpcf7-form-control wpcf7-textarea wpcf7-validates-as-required\" aria-required=\"true\" aria-invalid=\"false\" name=\"your-message\"><\/textarea><\/span>\n<\/p>\n<p><input class=\"wpcf7-form-control wpcf7-submit has-spinner\" type=\"submit\" value=\"Submit\" \/>\n<\/p><p style=\"display: none !important;\" class=\"akismet-fields-container\" data-prefix=\"_wpcf7_ak_\"><label>&#916;<textarea name=\"_wpcf7_ak_hp_textarea\" cols=\"45\" rows=\"8\" maxlength=\"100\"><\/textarea><\/label><input type=\"hidden\" id=\"ak_js_1\" name=\"_wpcf7_ak_js\" value=\"196\"\/><script>document.getElementById( \"ak_js_1\" ).setAttribute( \"value\", ( new Date() ).getTime() );<\/script><\/p><div class=\"wpcf7-response-output\" aria-hidden=\"true\"><\/div>\n<\/form>\n<\/div>\n\n<p>&nbsp;<\/p>\n","protected":false},"excerpt":{"rendered":"<p>If you have questions or information for us at Svenska Sp\u00e5rv\u00e4gss\u00e4llskapet, please use the form below to contact us. Address Svenska Sp\u00e5rv\u00e4gss\u00e4llskapet (SSS) Falkenbergsgatan 2 115 21 Stockholm i&#110;&#102;&#x6f;&#x40;&#x73;&#x70;a&#114;&#118;&#97;&#x67;&#x73;&#x73;al&#108;&#115;&#x6b;&#x61;&#x70;et&#46;&#115;&#x65; IBAN: SE90 5000 0000 0536 4100 5825 BIC: ESSESESS bankgiro: 5085-3993 swish: 123 667 71 24 The membership office is open on Tuesday evenings from 17.30 [&hellip;]<\/p>\n","protected":false},"author":3,"featured_media":0,"parent":0,"menu_order":0,"comment_status":"closed","ping_status":"open","template":"","meta":{"footnotes":""},"class_list":["post-1389","page","type-page","status-publish","hentry"],"publishpress_future_action":{"enabled":false,"date":"2026-04-25 17:33:04","action":"change-status","newStatus":"draft","terms":[],"taxonomy":"translation_priority","extraData":[]},"publishpress_future_workflow_manual_trigger":{"enabledWorkflows":[]},"_links":{"self":[{"href":"https:\/\/www.sparvagssallskapet.se\/en\/wp-json\/wp\/v2\/pages\/1389","targetHints":{"allow":["GET"]}}],"collection":[{"href":"https:\/\/www.sparvagssallskapet.se\/en\/wp-json\/wp\/v2\/pages"}],"about":[{"href":"https:\/\/www.sparvagssallskapet.se\/en\/wp-json\/wp\/v2\/types\/page"}],"author":[{"embeddable":true,"href":"https:\/\/www.sparvagssallskapet.se\/en\/wp-json\/wp\/v2\/users\/3"}],"replies":[{"embeddable":true,"href":"https:\/\/www.sparvagssallskapet.se\/en\/wp-json\/wp\/v2\/comments?post=1389"}],"version-history":[{"count":0,"href":"https:\/\/www.sparvagssallskapet.se\/en\/wp-json\/wp\/v2\/pages\/1389\/revisions"}],"wp:attachment":[{"href":"https:\/\/www.sparvagssallskapet.se\/en\/wp-json\/wp\/v2\/media?parent=1389"}],"curies":[{"name":"wp","href":"https:\/\/api.w.org\/{rel}","templated":true}]}}