{"id":1379,"date":"2013-08-26T10:44:27","date_gmt":"2013-08-26T08:44:27","guid":{"rendered":"https:\/\/www.sparvagssallskapet.se\/?page_id=1379"},"modified":"2018-03-05T20:09:51","modified_gmt":"2018-03-05T19:09:51","slug":"magazines","status":"publish","type":"page","link":"https:\/\/www.sparvagssallskapet.se\/en\/magazines\/","title":{"rendered":"Magazines"},"content":{"rendered":"<h2><img loading=\"lazy\" decoding=\"async\" class=\"alignright wp-image-516 size-full\" src=\"https:\/\/www.sparvagssallskapet.se\/wordpress\/wp-content\/uploads\/2013\/08\/omslag_senaste_mfss.jpg\" alt=\"MfSS\" width=\"300\" height=\"424\" srcset=\"https:\/\/www.sparvagssallskapet.se\/wordpress\/wp-content\/uploads\/2013\/08\/omslag_senaste_mfss.jpg 300w, https:\/\/www.sparvagssallskapet.se\/wordpress\/wp-content\/uploads\/2013\/08\/omslag_senaste_mfss-212x300.jpg 212w\" sizes=\"auto, (max-width: 300px) 100vw, 300px\" \/>MfSS<\/h2>\n<h3>Sweden&#8217;s leading tramway magazine<\/h3>\n<p>MfSS (Meddelanden fr\u00e5n Svenska Sp\u00e5rv\u00e4gss\u00e4llskapet &#8211; Messages from the Swedish Tramway Society), with Modern Stadstrafik (Modern Urban Transport), is Sweden&#8217;s leading tramway magazine, with articles from all over the world about urban transport, particularly tramways.<\/p>\n<p>The magazine published its first issue in 1959. It is Svenska Sp\u00e5rv\u00e4gss\u00e4llskapet&#8217;s official magazine, publishing six issues per year. The articles are written by the Society&#8217;s own members and by leading authors within the industry, which guarantees a high level of expertise!<\/p>\n<h4>Editorial staff<\/h4>\n<p><em>Publisher:<\/em>\u00a0Bj\u00f6rn Str\u00e5hle<br \/>\n<em>Editor-in-chief:<\/em>\u00a0Thomas Lange<br \/>\n<em>Other editorial staff:<\/em>\u00a0Anders Forsberg, Thomas Johansson, Bruse LF Persson, Olle S Nevenius<\/p>\n<p>Meddelande fr\u00e5n Svenska Sp\u00e5rv\u00e4gss\u00e4llskapet (MfSS)<br \/>\nc\/o Lange<br \/>\n\u00d6stbergsv\u00e4gen 7, lgh 1601<br \/>\n454 31 Uddevalla<br \/>\n070-209 91 45<br \/>\n<a href=\"&#x6d;&#97;i&#x6c;&#x74;&#111;:&#x6d;&#x66;&#115;s&#x40;&#115;p&#x61;&#x72;&#118;a&#x67;&#x73;&#115;a&#x6c;&#108;&#115;&#x6b;&#x61;&#112;e&#x74;&#x2e;&#115;e\">&#x6d;&#x66;&#x73;&#x73;&#x40;&#x73;&#x70;&#97;&#114;&#118;&#97;&#103;ssal&#x6c;&#x73;&#x6b;&#x61;&#x70;&#x65;&#x74;&#x2e;&#115;&#101;<\/a><\/p>\n<h2>Modern Stadstrafik (Modern Urban Transport)<\/h2>\n<p><strong><img loading=\"lazy\" decoding=\"async\" class=\"alignright wp-image-517 size-full\" src=\"https:\/\/www.sparvagssallskapet.se\/wordpress\/wp-content\/uploads\/2013\/08\/omslag_senaste_ms.jpg\" alt=\"Modern Stadstrafik\" width=\"300\" height=\"424\" srcset=\"https:\/\/www.sparvagssallskapet.se\/wordpress\/wp-content\/uploads\/2013\/08\/omslag_senaste_ms.jpg 300w, https:\/\/www.sparvagssallskapet.se\/wordpress\/wp-content\/uploads\/2013\/08\/omslag_senaste_ms-212x300.jpg 212w\" sizes=\"auto, (max-width: 300px) 100vw, 300px\" \/>A magazine to disseminate knowledge and deeper expertise within the fields of urban planning and public transport<br \/>\n<\/strong><\/p>\n<p>Modern Stadstrafik is independent of industry organizations. Its purpose is to regularly and systematically report on developments, trends and tendencies within the public transport field, in Sweden and abroad. It is intended to serve as a source of knowledge and as support for decision-makers in the industry and to promote public transport.<\/p>\n<p>Particular attention is paid to producing well-edited text, and on photos and illustrations of very high quality in four-color. High print quality maintains the initial good impression during the following perusal of the text and images.<\/p>\n<p><a href=\"https:\/\/www.sparvagssallskapet.se\/wordpress\/wp-content\/uploads\/2013\/08\/new_window.png\"><img loading=\"lazy\" decoding=\"async\" style=\"vertical-align: bottom;\" src=\"https:\/\/www.sparvagssallskapet.se\/wordpress\/wp-content\/uploads\/2013\/08\/new_window.png\" alt=\"\u00f6ppna i nytt f\u00f6nster\" width=\"16\" height=\"16\" \/><\/a>\u00a0Read more at the web site\u00a0<a title=\"Modern Stadstrafik\" href=\"https:\/\/www.modernstadstrafik.se\/\" target=\"_blank\" rel=\"noopener\">Modern Stadstrafik<\/a>\u00a0(only in Swedish).<\/p>\n<h4>Editorial staff<\/h4>\n<p><em>Publisher:<\/em>\u00a0Bj\u00f6rn Str\u00e5hle<em><br \/>\nEditor-in-chief:<\/em>\u00a0Thomas Johansson\u00a0\u00a0<a href=\"&#x6d;&#97;&#105;&#x6c;&#x74;&#111;&#58;&#x72;&#x65;&#100;&#64;&#x6d;&#x6f;&#100;&#101;&#x72;&#x6e;&#115;&#116;&#x61;&#x64;&#115;&#116;&#x72;&#x61;&#102;&#105;&#x6b;&#x2e;&#115;&#101;\">&#x72;&#x65;&#100;&#64;&#x6d;&#x6f;&#x64;&#101;r&#x6e;&#x73;&#x74;&#97;d&#x73;&#x74;&#x72;&#97;f&#x69;&#x6b;&#x2e;&#115;e<\/a><br \/>\n<em>Project manager:<\/em>\u00a0Thomas Lange<br \/>\nAdvertising and subscriptions:\u00a0<a href=\"&#x6d;&#x61;&#x69;&#x6c;&#x74;&#x6f;&#58;&#105;&#110;&#102;o&#64;mo&#x64;&#x65;&#x72;&#x6e;&#x73;&#x74;&#97;&#100;&#115;&#116;&#114;afi&#x6b;&#x2e;&#x73;&#x65;\">info&#64;&#109;&#111;&#100;&#101;&#114;&#110;&#x73;&#x74;&#x61;&#x64;&#x73;&#x74;&#x72;&#x61;&#x66;ik&#46;s&#101;<\/a><\/p>\n<p>Modern Stadstrafik<br \/>\nFalkenbergsgatan 2<br \/>\n115 21 Stockholm<br \/>\n<a href=\"&#109;&#x61;&#105;&#x6c;&#116;&#x6f;&#58;&#x72;&#101;&#x64;&#64;&#x6d;&#111;&#x64;&#101;&#x72;&#110;&#x73;&#116;&#x61;&#100;&#x73;&#116;&#x72;&#97;&#x66;&#105;&#x6b;&#46;&#x73;&#101;\">red&#64;modernstadstrafik&#46;se<\/a><\/p>\n<h2>Subscriptions<\/h2>\n<p>MfSS with Modern Stadstrafik is included with membership in Svenska Sp\u00e5rv\u00e4gss\u00e4llskapet. Companies and other interested parties can subscribe to Modern Stadstrafik separately. A separate subscription without membership costs SEK 500 within Sweden, SEK 600 outside Sweden.<\/p>\n<p>Include the name, address, and E-mail address for each person who needs to receive the magazine. Remit payment to Svenska Sp\u00e5rv\u00e4gss\u00e4llskapet&#8217;s bankgiro account, 5085-3993, or the plusgiro account: 5 72 70-1<\/p>\n<h4>Membership<\/h4>\n<p>The best way to assure yourself of your copy of MfSS is to become a member of Svenska Sp\u00e5rv\u00e4gss\u00e4llskapet by completing our <a title=\"Become a member\" href=\"https:\/\/www.sparvagssallskapet.se\/en\/become-a-member\/\">membership form<\/a>.<\/p>\n<p><em>Article authors are responsible for the content of their work. Reproduction is permitted with credit to the source. Advertising rates supplied on request. Printed at LTAB in Link\u00f6ping. ISSN 0347-6960<\/em><\/p>\n<p>&nbsp;<\/p>\n","protected":false},"excerpt":{"rendered":"<p>MfSS Sweden&#8217;s leading tramway magazine MfSS (Meddelanden fr\u00e5n Svenska Sp\u00e5rv\u00e4gss\u00e4llskapet &#8211; Messages from the Swedish Tramway Society), with Modern Stadstrafik (Modern Urban Transport), is Sweden&#8217;s leading tramway magazine, with articles from all over the world about urban transport, particularly tramways. The magazine published its first issue in 1959. It is Svenska Sp\u00e5rv\u00e4gss\u00e4llskapet&#8217;s official magazine, publishing [&hellip;]<\/p>\n","protected":false},"author":3,"featured_media":0,"parent":0,"menu_order":0,"comment_status":"closed","ping_status":"open","template":"","meta":{"footnotes":""},"class_list":["post-1379","page","type-page","status-publish","hentry"],"publishpress_future_action":{"enabled":false,"date":"2026-04-25 18:44:21","action":"change-status","newStatus":"draft","terms":[],"taxonomy":"translation_priority","extraData":[]},"publishpress_future_workflow_manual_trigger":{"enabledWorkflows":[]},"_links":{"self":[{"href":"https:\/\/www.sparvagssallskapet.se\/en\/wp-json\/wp\/v2\/pages\/1379","targetHints":{"allow":["GET"]}}],"collection":[{"href":"https:\/\/www.sparvagssallskapet.se\/en\/wp-json\/wp\/v2\/pages"}],"about":[{"href":"https:\/\/www.sparvagssallskapet.se\/en\/wp-json\/wp\/v2\/types\/page"}],"author":[{"embeddable":true,"href":"https:\/\/www.sparvagssallskapet.se\/en\/wp-json\/wp\/v2\/users\/3"}],"replies":[{"embeddable":true,"href":"https:\/\/www.sparvagssallskapet.se\/en\/wp-json\/wp\/v2\/comments?post=1379"}],"version-history":[{"count":0,"href":"https:\/\/www.sparvagssallskapet.se\/en\/wp-json\/wp\/v2\/pages\/1379\/revisions"}],"wp:attachment":[{"href":"https:\/\/www.sparvagssallskapet.se\/en\/wp-json\/wp\/v2\/media?parent=1379"}],"curies":[{"name":"wp","href":"https:\/\/api.w.org\/{rel}","templated":true}]}}