{"id":1359,"date":"2013-09-25T21:46:01","date_gmt":"2013-09-25T19:46:01","guid":{"rendered":"https:\/\/www.sparvagssallskapet.se\/?page_id=1359"},"modified":"2021-03-07T10:20:49","modified_gmt":"2021-03-07T09:20:49","slug":"junior-camp","status":"publish","type":"page","link":"https:\/\/www.sparvagssallskapet.se\/en\/junior-camp\/","title":{"rendered":"Junior camp"},"content":{"rendered":"<p>Svenska Sp\u00e5rv\u00e4gss\u00e4llskapet arranges a youth camp every year for young people aged 12-18. We gather in Malmk\u00f6ping, where the camp takes place one week each year. At the camp, like-minded young people from all over Sweden gather and spend time together. They get a chance to meet, share experiences, and talk over their shared interest in public transport, vintage tramways, and buses, among other things.<\/p>\n<p>During the week, we go on excursions, swim, grill, and also do technical work on the museum tramway in <a href=\"https:\/\/www.muma.se\" target=\"_blank\" rel=\"noopener\">Malmk\u00f6ping<\/a>. The young people are trained as ticket sellers and conductors, depending on their ages. De hj\u00e4lper \u00e4ven till att bedriva trafiken och l\u00e4r sig mer om nutida och forna kollektivtrafik.They also help run the tram service and learn more about current and former public transport.<\/p>\n<p>We are working to give more young people from all over Sweden a chance to become active in Svenska Sp\u00e5rv\u00e4gss\u00e4llskapet and to participate in our activities.<br \/>\n<img loading=\"lazy\" decoding=\"async\" class=\"alignnone size-full wp-image-476\" alt=\"Utf\u00e4rd med A30 p\u00e5 Tv\u00e4rbanan\" src=\"https:\/\/www.sparvagssallskapet.se\/wordpress\/wp-content\/uploads\/2013\/08\/Utf\u00e4rd-med-A30-p\u00e5-Tv\u00e4rbanan.jpg\" width=\"600\" height=\"380\" srcset=\"https:\/\/www.sparvagssallskapet.se\/wordpress\/wp-content\/uploads\/2013\/08\/Utf\u00e4rd-med-A30-p\u00e5-Tv\u00e4rbanan.jpg 600w, https:\/\/www.sparvagssallskapet.se\/wordpress\/wp-content\/uploads\/2013\/08\/Utf\u00e4rd-med-A30-p\u00e5-Tv\u00e4rbanan-300x190.jpg 300w\" sizes=\"auto, (max-width: 600px) 100vw, 600px\" \/><\/p>\n","protected":false},"excerpt":{"rendered":"<p>Svenska Sp\u00e5rv\u00e4gss\u00e4llskapet arranges a youth camp every year for young people aged 12-18. We gather in Malmk\u00f6ping, where the camp takes place one week each year. At the camp, like-minded young people from all over Sweden gather and spend time together. They get a chance to meet, share experiences, and talk over their shared interest [&hellip;]<\/p>\n","protected":false},"author":3,"featured_media":0,"parent":0,"menu_order":0,"comment_status":"closed","ping_status":"open","template":"","meta":{"footnotes":""},"class_list":["post-1359","page","type-page","status-publish","hentry"],"publishpress_future_action":{"enabled":false,"date":"2026-04-28 13:53:44","action":"change-status","newStatus":"draft","terms":[],"taxonomy":"translation_priority","extraData":[]},"publishpress_future_workflow_manual_trigger":{"enabledWorkflows":[]},"_links":{"self":[{"href":"https:\/\/www.sparvagssallskapet.se\/en\/wp-json\/wp\/v2\/pages\/1359","targetHints":{"allow":["GET"]}}],"collection":[{"href":"https:\/\/www.sparvagssallskapet.se\/en\/wp-json\/wp\/v2\/pages"}],"about":[{"href":"https:\/\/www.sparvagssallskapet.se\/en\/wp-json\/wp\/v2\/types\/page"}],"author":[{"embeddable":true,"href":"https:\/\/www.sparvagssallskapet.se\/en\/wp-json\/wp\/v2\/users\/3"}],"replies":[{"embeddable":true,"href":"https:\/\/www.sparvagssallskapet.se\/en\/wp-json\/wp\/v2\/comments?post=1359"}],"version-history":[{"count":0,"href":"https:\/\/www.sparvagssallskapet.se\/en\/wp-json\/wp\/v2\/pages\/1359\/revisions"}],"wp:attachment":[{"href":"https:\/\/www.sparvagssallskapet.se\/en\/wp-json\/wp\/v2\/media?parent=1359"}],"curies":[{"name":"wp","href":"https:\/\/api.w.org\/{rel}","templated":true}]}}