{"id":995,"date":"2013-08-26T10:45:40","date_gmt":"2013-08-26T08:45:40","guid":{"rendered":"https:\/\/www.sparvagssallskapet.se\/wordpress\/?page_id=995"},"modified":"2024-03-03T08:18:34","modified_gmt":"2024-03-03T07:18:34","slug":"kontaktieren-sie-uns","status":"publish","type":"page","link":"https:\/\/www.sparvagssallskapet.se\/de\/kontaktieren-sie-uns\/","title":{"rendered":"Kontaktieren Sie uns"},"content":{"rendered":"<p><img loading=\"lazy\" decoding=\"async\" class=\"size-medium wp-image-441 alignright\" src=\"https:\/\/www.sparvagssallskapet.se\/wordpress\/wp-content\/uploads\/2013\/08\/Dan-Carl-brevlada-211x300.jpg\" alt=\"Dan och Carl med brevl\u00e5da\" width=\"211\" height=\"300\" \/>Wenn sie eine Frage haben oder uns bei der Schwedische Stra\u00dfenbahnverein etwas mitteilen wollen, verwenden Sie bitte das untenstehende Kontaktformular.<\/p>\n<h3>Adresse<\/h3>\n<p>Svenska Sp\u00e5rv\u00e4gss\u00e4llskapet (SSS)<br \/>\nFalkenbergsgatan 2<br \/>\n115 21 Stockholm<br \/>\n<a href=\"&#x6d;&#x61;&#105;&#108;&#116;o&#x3a;&#x69;&#x6e;&#102;&#111;&#64;s&#x70;&#x61;&#x72;&#118;&#97;g&#x73;&#x73;&#x61;&#108;&#108;&#115;k&#x61;&#x70;&#x65;&#116;&#46;se\">&#105;&#110;&#x66;o&#64;&#x73;&#x70;a&#114;&#x76;&#x61;g&#115;&#x73;&#x61;l&#108;&#x73;&#x6b;a&#112;&#x65;&#x74;&#46;&#115;&#x65;<\/a><br \/>\n<i>IBAN:<\/i> SE90 5000 0000 0536 4100 5825<br \/>\n<i>BIC:<\/i> ESSESESS<br \/>\n<i>bankgiro:<\/i> 5085-3993<br \/>\n<i>swish:<\/i> 123 667 71 24<br \/>\n<i>corporate zahl:<\/i> 802004-7414<\/p>\n<p>Das B\u00fcro ist an Dienstagabenden zwischen 17.30 und 21.00 Uhr f\u00fcr Mitglieder von SJK und SSS ge\u00f6ffnet.<\/p>\n<h3><b>Schicken sie uns eine Mail<\/b><\/h3>\n\n<div class=\"wpcf7 no-js\" id=\"wpcf7-f1625-o1\" lang=\"sv-SE\" dir=\"ltr\" data-wpcf7-id=\"1625\">\n<div class=\"screen-reader-response\"><p role=\"status\" aria-live=\"polite\" aria-atomic=\"true\"><\/p> <ul><\/ul><\/div>\n<form action=\"\/de\/wp-json\/wp\/v2\/pages\/995#wpcf7-f1625-o1\" method=\"post\" class=\"wpcf7-form init\" aria-label=\"Kontaktformul\u00e4r\" novalidate=\"novalidate\" data-status=\"init\">\n<fieldset class=\"hidden-fields-container\"><input type=\"hidden\" name=\"_wpcf7\" value=\"1625\" \/><input type=\"hidden\" name=\"_wpcf7_version\" value=\"6.1.5\" \/><input type=\"hidden\" name=\"_wpcf7_locale\" value=\"sv_SE\" \/><input type=\"hidden\" name=\"_wpcf7_unit_tag\" value=\"wpcf7-f1625-o1\" \/><input type=\"hidden\" name=\"_wpcf7_container_post\" value=\"0\" \/><input type=\"hidden\" name=\"_wpcf7_posted_data_hash\" value=\"\" \/>\n<\/fieldset>\n<p>Senden an\n<\/p>\n<p><span class=\"wpcf7-form-control-wrap\" data-name=\"your-recipient\"><select class=\"wpcf7-form-control wpcf7-select wpcf7-validates-as-required\" aria-required=\"true\" aria-invalid=\"false\" name=\"your-recipient\"><option value=\"Infomaster\">Infomaster<\/option><option value=\"Mitgliederverzeichnis\">Mitgliederverzeichnis<\/option><option value=\"Vorsitzender\">Vorsitzender<\/option><option value=\"Webmaster\">Webmaster<\/option><\/select><\/span>\n<\/p>\n<p>Ihr Name (erforderlich)\n<\/p>\n<p><span class=\"wpcf7-form-control-wrap\" data-name=\"your-name\"><input size=\"40\" maxlength=\"400\" class=\"wpcf7-form-control wpcf7-text wpcf7-validates-as-required\" aria-required=\"true\" aria-invalid=\"false\" value=\"\" type=\"text\" name=\"your-name\" \/><\/span>\n<\/p>\n<p>Ihre Emailadresse (erforderlich)\n<\/p>\n<p><span class=\"wpcf7-form-control-wrap\" data-name=\"your-email\"><input size=\"40\" maxlength=\"400\" class=\"wpcf7-form-control wpcf7-email wpcf7-validates-as-required wpcf7-text wpcf7-validates-as-email\" aria-required=\"true\" aria-invalid=\"false\" value=\"\" type=\"email\" name=\"your-email\" \/><\/span>\n<\/p>\n<p>Thema (erforderlich)\n<\/p>\n<p><span class=\"wpcf7-form-control-wrap\" data-name=\"your-subject\"><input size=\"40\" maxlength=\"400\" class=\"wpcf7-form-control wpcf7-text wpcf7-validates-as-required\" aria-required=\"true\" aria-invalid=\"false\" value=\"\" type=\"text\" name=\"your-subject\" \/><\/span>\n<\/p>\n<p>Ihre Nachricht (erforderlich)\n<\/p>\n<p><span class=\"wpcf7-form-control-wrap\" data-name=\"your-message\"><textarea cols=\"40\" rows=\"10\" maxlength=\"2000\" class=\"wpcf7-form-control wpcf7-textarea wpcf7-validates-as-required\" aria-required=\"true\" aria-invalid=\"false\" name=\"your-message\"><\/textarea><\/span>\n<\/p>\n<p><input class=\"wpcf7-form-control wpcf7-submit has-spinner\" type=\"submit\" value=\"Abschicken\" \/>\n<\/p><p style=\"display: none !important;\" class=\"akismet-fields-container\" data-prefix=\"_wpcf7_ak_\"><label>&#916;<textarea name=\"_wpcf7_ak_hp_textarea\" cols=\"45\" rows=\"8\" maxlength=\"100\"><\/textarea><\/label><input type=\"hidden\" id=\"ak_js_1\" name=\"_wpcf7_ak_js\" value=\"243\"\/><script type=\"text\/javascript\">\n\/* <![CDATA[ *\/\ndocument.getElementById( \"ak_js_1\" ).setAttribute( \"value\", ( new Date() ).getTime() );\n\/* ]]> *\/\n<\/script>\n<\/p><div class=\"wpcf7-response-output\" aria-hidden=\"true\"><\/div>\n<\/form>\n<\/div>\n\n<p>&nbsp;<\/p>\n","protected":false},"excerpt":{"rendered":"<p>Wenn sie eine Frage haben oder uns bei der Schwedische Stra\u00dfenbahnverein etwas mitteilen wollen, verwenden Sie bitte das untenstehende Kontaktformular. Adresse Svenska Sp\u00e5rv\u00e4gss\u00e4llskapet (SSS) Falkenbergsgatan 2 115 21 Stockholm &#x69;&#110;&#x66;&#x6f;&#64;&#x73;&#112;a&#x72;&#118;a&#x67;&#115;s&#x61;&#108;l&#x73;&#107;&#x61;&#x70;&#101;&#x74;&#x2e;&#115;&#x65; IBAN: SE90 5000 0000 0536 4100 5825 BIC: ESSESESS bankgiro: 5085-3993 swish: 123 667 71 24 corporate zahl: 802004-7414 Das B\u00fcro ist an Dienstagabenden zwischen [&hellip;]<\/p>\n","protected":false},"author":3,"featured_media":0,"parent":0,"menu_order":0,"comment_status":"closed","ping_status":"open","template":"","meta":{"footnotes":""},"class_list":["post-995","page","type-page","status-publish","hentry"],"publishpress_future_action":{"enabled":false,"date":"2026-05-19 09:48:25","action":"change-status","newStatus":"draft","terms":[],"taxonomy":"translation_priority","extraData":[]},"publishpress_future_workflow_manual_trigger":{"enabledWorkflows":[]},"_links":{"self":[{"href":"https:\/\/www.sparvagssallskapet.se\/de\/wp-json\/wp\/v2\/pages\/995","targetHints":{"allow":["GET"]}}],"collection":[{"href":"https:\/\/www.sparvagssallskapet.se\/de\/wp-json\/wp\/v2\/pages"}],"about":[{"href":"https:\/\/www.sparvagssallskapet.se\/de\/wp-json\/wp\/v2\/types\/page"}],"author":[{"embeddable":true,"href":"https:\/\/www.sparvagssallskapet.se\/de\/wp-json\/wp\/v2\/users\/3"}],"replies":[{"embeddable":true,"href":"https:\/\/www.sparvagssallskapet.se\/de\/wp-json\/wp\/v2\/comments?post=995"}],"version-history":[{"count":0,"href":"https:\/\/www.sparvagssallskapet.se\/de\/wp-json\/wp\/v2\/pages\/995\/revisions"}],"wp:attachment":[{"href":"https:\/\/www.sparvagssallskapet.se\/de\/wp-json\/wp\/v2\/media?parent=995"}],"curies":[{"name":"wp","href":"https:\/\/api.w.org\/{rel}","templated":true}]}}