{"id":991,"date":"2013-08-26T10:44:27","date_gmt":"2013-08-26T08:44:27","guid":{"rendered":"https:\/\/www.sparvagssallskapet.se\/wordpress\/?page_id=991"},"modified":"2018-03-05T20:11:13","modified_gmt":"2018-03-05T19:11:13","slug":"zeitschriften","status":"publish","type":"page","link":"https:\/\/www.sparvagssallskapet.se\/de\/zeitschriften\/","title":{"rendered":"Zeitschriften"},"content":{"rendered":"<h2><img loading=\"lazy\" decoding=\"async\" class=\"alignright wp-image-516 size-full\" src=\"https:\/\/www.sparvagssallskapet.se\/wordpress\/wp-content\/uploads\/2013\/08\/omslag_senaste_mfss.jpg\" alt=\"MfSS\" width=\"300\" height=\"424\" srcset=\"https:\/\/www.sparvagssallskapet.se\/wordpress\/wp-content\/uploads\/2013\/08\/omslag_senaste_mfss.jpg 300w, https:\/\/www.sparvagssallskapet.se\/wordpress\/wp-content\/uploads\/2013\/08\/omslag_senaste_mfss-212x300.jpg 212w\" sizes=\"auto, (max-width: 300px) 100vw, 300px\" \/>MfSS<\/h2>\n<h3>Schwedens f\u00fchrende Stra\u00dfenbahnzeitschrift<\/h3>\n<p>M<em>f<\/em>SS (Mitteilungen der Schwedische Stra\u00dfenbahnverein) mit Moderner Stadtverkehr ist Schwedens f\u00fchrende Stra\u00dfenbahnzeitschrift mit Artikeln aus der ganzen Welt \u00fcber den Nahverkehr im allgemeinen und \u00fcber Stra\u00dfenbahnen im besonderen.<\/p>\n<p>Die Zeitschrift wurde mit ihrer ersten Ausgabe im Jahre 1959 ver\u00f6ffentlicht und ist mit 6 Ausgaben im Jahr das offizielle Mitteilungsorgan der Schwedische Stra\u00dfenbahnverein. Die Autoren sind Mitglieder der Schwedische Stra\u00dfenbahnverein und f\u00fchrende Fachleute, wodurch ein hohes fachliches Niveau gew\u00e4hrleistet ist.<\/p>\n<h4>Redaktionen<\/h4>\n<p><em>Verantwortlicher Herausgeber:<\/em>\u00a0Bj\u00f6rn Str\u00e5hle<br \/>\n<em>Redakt\u00f6r:<\/em>\u00a0Thomas Lange<br \/>\n<em>Redaktionsmitglieder:<\/em>\u00a0Anders Forsberg, Thomas Johansson, Bruse LF Persson, Olle S Nevenius<\/p>\n<p>Meddelande fr\u00e5n Svenska Sp\u00e5rv\u00e4gss\u00e4llskapet (MfSS)<br \/>\nc\/o Lange<br \/>\n\u00d6stbergsv\u00e4gen 7, lgh 1601<br \/>\n454 31 Uddevalla<br \/>\n070-209 91 45<br \/>\n<a href=\"&#x6d;&#x61;&#x69;&#x6c;&#x74;&#x6f;&#x3a;&#x6d;&#x66;&#x73;&#x73;&#x40;&#x73;&#x70;&#x61;&#x72;&#x76;&#x61;&#x67;&#x73;&#x73;&#x61;&#x6c;&#x6c;&#x73;&#x6b;&#x61;&#x70;&#x65;&#x74;&#x2e;&#x73;&#x65;\">&#109;&#x66;&#x73;s&#64;&#x73;&#x70;a&#114;&#x76;a&#103;&#x73;&#x73;a&#108;&#x6c;s&#107;&#x61;&#x70;e&#116;&#x2e;&#x73;&#101;<\/a><\/p>\n<h2>Modern Stadstrafik<\/h2>\n<p><strong><img loading=\"lazy\" decoding=\"async\" class=\"alignright wp-image-517 size-full\" src=\"https:\/\/www.sparvagssallskapet.se\/wordpress\/wp-content\/uploads\/2013\/08\/omslag_senaste_ms.jpg\" alt=\"Modern Stadstrafik\" width=\"300\" height=\"424\" srcset=\"https:\/\/www.sparvagssallskapet.se\/wordpress\/wp-content\/uploads\/2013\/08\/omslag_senaste_ms.jpg 300w, https:\/\/www.sparvagssallskapet.se\/wordpress\/wp-content\/uploads\/2013\/08\/omslag_senaste_ms-212x300.jpg 212w\" sizes=\"auto, (max-width: 300px) 100vw, 300px\" \/><b>Zeitschrift f\u00fcr Informationsvermittlung und -vertiefung im Bereich von St\u00e4dtebau und \u00f6ffentlichem Verkehr<\/b><br \/>\n<\/strong><\/p>\n<p>Modern Stadstrafik ist eine von Fachverb\u00e4nden unabh\u00e4ngige Fachzeitschrift. Ihr Ziel ist es, regelm\u00e4\u00dfig und systematisch \u00fcber Entwicklungen, Trends und Tendensen im \u00f6ffentlichen Verkehr zu berichten, und zwar in Schweden und im Ausland. Sie soll als Informationsquelle und Hilfe f\u00fcr diejenigen dienen, die Entscheidungen in diesem Bereich treffen und soll zur Meinungsbildung\u00a0 im bereich des \u00f6ffentlichen Verkehrs beitragen.<\/p>\n<p>Gro\u00dfer Wert wird auf gut redigierte Texte und auf Bilder und andere Illustrationen von hoher Qualit\u00e4t im Farbdruck gelegt. Hohe drucktechnische Qualit\u00e4t h\u00e4lt den ersten guten Eindruck beim weiteren Studium der Texte und Bilder aufrecht.<\/p>\n<p><a href=\"https:\/\/www.sparvagssallskapet.se\/wordpress\/wp-content\/uploads\/2013\/08\/new_window.png\"><img loading=\"lazy\" decoding=\"async\" style=\"vertical-align: bottom;\" src=\"https:\/\/www.sparvagssallskapet.se\/wordpress\/wp-content\/uploads\/2013\/08\/new_window.png\" alt=\"\u00f6ppna i nytt f\u00f6nster\" width=\"16\" height=\"16\" \/><\/a>\u00a0Lesen Sie mehr auf der Homepage von <a title=\"Modern Stadstrafik\" href=\"https:\/\/www.modernstadstrafik.se\/\" target=\"_blank\" rel=\"noopener\">Modern Stadstrafik<\/a>.<\/p>\n<h4>Redaktion<\/h4>\n<p><em>Verantwortlicher Herausgeber:<\/em>\u00a0Bj\u00f6rn Str\u00e5hle<em><br \/>\nRedakt\u00f6r:<\/em>\u00a0Thomas Johansson\u00a0\u00a0<a href=\"&#109;&#97;&#x69;&#x6c;&#116;&#111;&#x3a;&#x72;&#101;&#100;&#x40;&#x6d;&#111;&#100;&#x65;&#x72;&#110;&#115;&#x74;&#x61;&#100;&#115;&#x74;&#x72;&#97;&#102;&#x69;&#x6b;&#46;&#115;&#x65;\">&#114;&#x65;d&#x40;&#x6d;&#111;&#x64;e&#114;&#x6e;&#115;&#x74;a&#100;&#x73;t&#x72;a&#102;&#x69;k&#x2e;&#x73;&#101;<\/a><br \/>\n<em>Projektleiter:<\/em>\u00a0Thomas Lange<br \/>\nAnnonsen und Abonnements:\u00a0<a href=\"&#x6d;&#x61;&#x69;&#x6c;&#116;&#111;:in&#x66;&#x6f;&#x40;&#x6d;&#111;&#100;ern&#x73;&#x74;&#x61;&#x64;&#115;&#116;&#114;af&#x69;&#x6b;&#x2e;&#x73;&#101;\">&#x69;&#x6e;&#x66;&#x6f;&#x40;&#109;&#111;&#100;&#101;rns&#x74;&#x61;&#x64;&#x73;&#x74;&#x72;&#97;&#102;&#105;k&#46;s&#x65;<\/a><\/p>\n<p>Modern Stadstrafik<br \/>\nFalkenbergsgatan 2<br \/>\n115 21 Stockholm<br \/>\n<a href=\"&#109;&#97;&#x69;l&#116;&#x6f;&#x3a;r&#101;&#x64;&#x40;m&#111;&#x64;e&#114;&#x6e;&#x73;t&#97;&#x64;&#x73;t&#114;&#x61;f&#105;&#x6b;&#x2e;s&#101;\">&#x72;e&#x64;&#64;&#x6d;&#111;&#x64;&#101;r&#x6e;s&#x74;&#97;&#x64;&#115;&#x74;&#114;a&#x66;i&#x6b;&#46;&#x73;&#101;<\/a><\/p>\n<h2>Abonnement<\/h2>\n<p>MfSS und Modern Stadstrafik sind f\u00fcr Mitglieder der Schwedische Stra\u00dfenbahnverein in der Mitgliedschaft einbegriffen. Man kann als Unternehmen oder als interessierte Person Modern Stadstrafik auch separat abonnieren. Innerhalb Schwedens kostet ein solches Abonnement SEK 500:-, f\u00fcr Adressen au\u00dferhalb Schwedens SEK 600:-.<\/p>\n<p>Teilen Sie Namen, Adresse, Postadresse und Emailadresse von jeder Person mit, die abonnieren m\u00f6chte. Bezahlen Sie \u00fcber das Bankgirokonto 5085-3993 oder das Plusgirokonto 57270-1 der Schwedische Stra\u00dfenbahnverein.<\/p>\n<p><b>Mitgliedschaft<\/b><\/p>\n<p>Die beste Art, sich ein Exemplar von MfSS zu sichern ist, Mitglied in der Schwedische Stra\u00dfenbahnverein zu werden. Benutzen Sie dazu doch unser <a title=\"Werden Sie Mitglied\" href=\"https:\/\/www.sparvagssallskapet.se\/de\/werden-sie-mitglied\/\">Mitgliedsformular<\/a>.<\/p>\n<p><i>F\u00fcr signierte beitr\u00e4ge ist der Verfasser verantwortlich. Nachdruck ist erlaubt, wenn die Quelle angegeben wird. Auf Wunsch kann die Preisliste f\u00fcr Anzeigen geschickt werden. Gedruckt bei LTAB, Link\u00f6ping. ISSN 0347-6960<\/i><\/p>\n","protected":false},"excerpt":{"rendered":"<p>MfSS Schwedens f\u00fchrende Stra\u00dfenbahnzeitschrift MfSS (Mitteilungen der Schwedische Stra\u00dfenbahnverein) mit Moderner Stadtverkehr ist Schwedens f\u00fchrende Stra\u00dfenbahnzeitschrift mit Artikeln aus der ganzen Welt \u00fcber den Nahverkehr im allgemeinen und \u00fcber Stra\u00dfenbahnen im besonderen. Die Zeitschrift wurde mit ihrer ersten Ausgabe im Jahre 1959 ver\u00f6ffentlicht und ist mit 6 Ausgaben im Jahr das offizielle Mitteilungsorgan der Schwedische [&hellip;]<\/p>\n","protected":false},"author":3,"featured_media":0,"parent":0,"menu_order":0,"comment_status":"closed","ping_status":"open","template":"","meta":{"footnotes":""},"class_list":["post-991","page","type-page","status-publish","hentry"],"publishpress_future_action":{"enabled":false,"date":"2026-05-19 10:06:31","action":"change-status","newStatus":"draft","terms":[],"taxonomy":"translation_priority","extraData":[]},"publishpress_future_workflow_manual_trigger":{"enabledWorkflows":[]},"_links":{"self":[{"href":"https:\/\/www.sparvagssallskapet.se\/de\/wp-json\/wp\/v2\/pages\/991","targetHints":{"allow":["GET"]}}],"collection":[{"href":"https:\/\/www.sparvagssallskapet.se\/de\/wp-json\/wp\/v2\/pages"}],"about":[{"href":"https:\/\/www.sparvagssallskapet.se\/de\/wp-json\/wp\/v2\/types\/page"}],"author":[{"embeddable":true,"href":"https:\/\/www.sparvagssallskapet.se\/de\/wp-json\/wp\/v2\/users\/3"}],"replies":[{"embeddable":true,"href":"https:\/\/www.sparvagssallskapet.se\/de\/wp-json\/wp\/v2\/comments?post=991"}],"version-history":[{"count":0,"href":"https:\/\/www.sparvagssallskapet.se\/de\/wp-json\/wp\/v2\/pages\/991\/revisions"}],"wp:attachment":[{"href":"https:\/\/www.sparvagssallskapet.se\/de\/wp-json\/wp\/v2\/media?parent=991"}],"curies":[{"name":"wp","href":"https:\/\/api.w.org\/{rel}","templated":true}]}}