{"id":989,"date":"2013-09-25T21:46:01","date_gmt":"2013-09-25T19:46:01","guid":{"rendered":"https:\/\/www.sparvagssallskapet.se\/wordpress\/?page_id=989"},"modified":"2021-03-07T10:20:49","modified_gmt":"2021-03-07T09:20:49","slug":"jugendlager","status":"publish","type":"page","link":"https:\/\/www.sparvagssallskapet.se\/de\/jugendlager\/","title":{"rendered":"Jugendlager"},"content":{"rendered":"<p>Der Schwedische Stra\u00dfenbahnverein\u00a0veranstaltet jedes Jahr ein Jugendlager f\u00fcr Jugendliche von 12 bis 18 Jahren. Wir versammeln uns in Malmk\u00f6pet, wo das Lager in einer Woche im Jahr stattfindet. Hier k\u00f6nnen sich gleichgesinnte Jugendliche aus ganz Schweden treffen. Sie k\u00f6nnen Erfahrungen austauschen und \u00fcber ihre Interessen sprechen, unter anderem \u00fcber \u00f6ffentlichen Verkehr, Museumsbahnen und Busse.<\/p>\n<p>W\u00e4hrend der Woche machen wir Ausfl\u00fcge, baden, grillen und f\u00fchren auch technische Arbeiten an den Museumsfahrzeugen aus in <a href=\"https:\/\/www.muma.se\" target=\"_blank\" rel=\"noopener\">Malmk\u00f6ping<\/a>. Die Jugendlichen werden unter anderem als Fahrkartenverk\u00e4ufer und Schaffner ausgebildet, abh\u00e4ngig von ihrem Alter. Sie helfen auch beim Betrieb mit und lernen mehr \u00fcber den heutigen und fr\u00fcheren \u00f6ffentlichen Verkehr.<\/p>\n<p>Wir arbeiten daran, dass mehr Jugendliche in ganz Schweden in der Schwedische Stra\u00dfenbahnverein\u00a0aktiv werden k\u00f6nnen und an deren T\u00e4tigkeit teilhaben k\u00f6nnen.<br \/>\n<img loading=\"lazy\" decoding=\"async\" class=\"alignnone size-full wp-image-476\" alt=\"Utf\u00e4rd med A30 p\u00e5 Tv\u00e4rbanan\" src=\"https:\/\/www.sparvagssallskapet.se\/wordpress\/wp-content\/uploads\/2013\/08\/Utf\u00e4rd-med-A30-p\u00e5-Tv\u00e4rbanan.jpg\" width=\"600\" height=\"380\" srcset=\"https:\/\/www.sparvagssallskapet.se\/wordpress\/wp-content\/uploads\/2013\/08\/Utf\u00e4rd-med-A30-p\u00e5-Tv\u00e4rbanan.jpg 600w, https:\/\/www.sparvagssallskapet.se\/wordpress\/wp-content\/uploads\/2013\/08\/Utf\u00e4rd-med-A30-p\u00e5-Tv\u00e4rbanan-300x190.jpg 300w\" sizes=\"auto, (max-width: 600px) 100vw, 600px\" \/><\/p>\n","protected":false},"excerpt":{"rendered":"<p>Der Schwedische Stra\u00dfenbahnverein\u00a0veranstaltet jedes Jahr ein Jugendlager f\u00fcr Jugendliche von 12 bis 18 Jahren. Wir versammeln uns in Malmk\u00f6pet, wo das Lager in einer Woche im Jahr stattfindet. Hier k\u00f6nnen sich gleichgesinnte Jugendliche aus ganz Schweden treffen. Sie k\u00f6nnen Erfahrungen austauschen und \u00fcber ihre Interessen sprechen, unter anderem \u00fcber \u00f6ffentlichen Verkehr, Museumsbahnen und Busse. W\u00e4hrend [&hellip;]<\/p>\n","protected":false},"author":3,"featured_media":0,"parent":0,"menu_order":0,"comment_status":"closed","ping_status":"open","template":"","meta":{"footnotes":""},"class_list":["post-989","page","type-page","status-publish","hentry"],"publishpress_future_action":{"enabled":false,"date":"2026-04-26 16:58:53","action":"change-status","newStatus":"draft","terms":[],"taxonomy":"translation_priority","extraData":[]},"publishpress_future_workflow_manual_trigger":{"enabledWorkflows":[]},"_links":{"self":[{"href":"https:\/\/www.sparvagssallskapet.se\/de\/wp-json\/wp\/v2\/pages\/989","targetHints":{"allow":["GET"]}}],"collection":[{"href":"https:\/\/www.sparvagssallskapet.se\/de\/wp-json\/wp\/v2\/pages"}],"about":[{"href":"https:\/\/www.sparvagssallskapet.se\/de\/wp-json\/wp\/v2\/types\/page"}],"author":[{"embeddable":true,"href":"https:\/\/www.sparvagssallskapet.se\/de\/wp-json\/wp\/v2\/users\/3"}],"replies":[{"embeddable":true,"href":"https:\/\/www.sparvagssallskapet.se\/de\/wp-json\/wp\/v2\/comments?post=989"}],"version-history":[{"count":0,"href":"https:\/\/www.sparvagssallskapet.se\/de\/wp-json\/wp\/v2\/pages\/989\/revisions"}],"wp:attachment":[{"href":"https:\/\/www.sparvagssallskapet.se\/de\/wp-json\/wp\/v2\/media?parent=989"}],"curies":[{"name":"wp","href":"https:\/\/api.w.org\/{rel}","templated":true}]}}