{"id":983,"date":"2013-08-24T18:04:55","date_gmt":"2013-08-24T16:04:55","guid":{"rendered":"https:\/\/www.sparvagssallskapet.se\/wordpress\/?page_id=983"},"modified":"2021-03-07T10:21:15","modified_gmt":"2021-03-07T09:21:15","slug":"eine-strasenbahn-mieten","status":"publish","type":"page","link":"https:\/\/www.sparvagssallskapet.se\/de\/eine-strasenbahn-mieten\/","title":{"rendered":"Eine Stra\u00dfenbahn mieten"},"content":{"rendered":"<p align=\"center\"><img loading=\"lazy\" decoding=\"async\" class=\"alignnone size-full wp-image-502\" src=\"https:\/\/www.sparvagssallskapet.se\/wordpress\/wp-content\/uploads\/2013\/08\/hyregen.gif\" alt=\"Hyr din egen sp\u00e5rvagn\" width=\"271\" height=\"132\" \/><br \/>\nWir fahren Sie wohin Sie wollen, Sie m\u00fcssen nur auf den Schienen bleiben. Betriebsfeiern, Ausfl\u00fcge, Geburtstage, alles ist mit einer Stra\u00dfenbahn m\u00f6glich. Nur ihre Fantasie und unsere Gleise bestimmen die Grenzen.<\/p>\n<h2><img loading=\"lazy\" decoding=\"async\" class=\"alignright size-medium wp-image-454\" src=\"https:\/\/www.sparvagssallskapet.se\/wordpress\/wp-content\/uploads\/2013\/08\/Vagn-76-Skansen-224x300.jpg\" alt=\"Vagn 76 Skansen\" width=\"224\" height=\"300\" srcset=\"https:\/\/www.sparvagssallskapet.se\/wordpress\/wp-content\/uploads\/2013\/08\/Vagn-76-Skansen-224x300.jpg 224w, https:\/\/www.sparvagssallskapet.se\/wordpress\/wp-content\/uploads\/2013\/08\/Vagn-76-Skansen.jpg 449w\" sizes=\"auto, (max-width: 224px) 100vw, 224px\" \/><\/h2>\n<p><a class=\"newwin\" href=\"https:\/\/www.muma.se\" target=\"_blank\" rel=\"noopener\">Die Museumslinie in Malmk\u00f6ping<\/a>: Wir arrangieren das au\u00dfergew\u00f6hnliche Fest, etwas, was die Freunde nie vergessen werden! Mieten Sie eine Stra\u00dfenbahn zum Fest &#8211; wir arrangieren auch warmes oder kaltes Essen und Unterhaltung. Der Sonnenuntergang \u00fcber Hosj\u00f6n erlebt von einem reich gedeckten Tisch in einer warmen und sch\u00f6nen Stra\u00dfenbahn ist unschlagbar.<\/p>\n<p><a class=\"newwin\" href=\"https:\/\/www.djurgardslinjen.se\" target=\"_blank\" rel=\"noopener\">Die Djurgardslinie in Stockholm<\/a>: Der beste Fensterplatz auf Strandv\u00e4gen in richtig alten Wagen (70 Jahre) und nicht so alten Wagen (45 Jahre). Wir transportieren Sie zu den wichtigsten Attraktionen auf Djurgarden. Wir haben eigene Gleise zum Wasamuseum, zur Kunsthalle Liljevalch, Aquaria, Gr\u00f6na Lund, Cirkus, Skansen und Waldemarsudde, um nur einige zu nennen.<\/p>\n<p><a class=\"newwin\" href=\"http:\/\/www.mss.se\/\" target=\"_blank\" rel=\"noopener\">Museumsvereinigung der Malm\u00f6er Stra\u00dfenbahn<\/a>: G\u00f6nnen Sie sich das Erlebnis, Stra\u00dfenbahn wie fr\u00fcher zu fahren! Vielleicht um eigene Erinnerungen noch einmal zu erleben oder um Ihren Kindern und Enkelkindern zu zeigen, wie man sich fr\u00fcher in der Stadt fortbewegte. Wie w\u00e4re es mit einem Arrangement anl\u00e4sslich eines Geburtstages, einer privaten Feier, einer Betriebseinladung oder \u00e4hnliches? Das wird mit Sicherheit ein Erfolg!<\/p>\n<p><a title=\"Museumswagen  in Norrk\u00f6ping\" href=\"https:\/\/www.sparvagssallskapet.se\/de\/norrkoping\/\">Norrk\u00f6ping<\/a>: Betrieb mit alten Stra\u00dfenbahnen. W\u00e4hrend des Ferienmonats im Sommer k\u00f6nnen Sie in Norrk\u00f6ping mit Museumswagen fahren.<\/p>\n<p>&nbsp;<\/p>\n","protected":false},"excerpt":{"rendered":"<p>Wir fahren Sie wohin Sie wollen, Sie m\u00fcssen nur auf den Schienen bleiben. Betriebsfeiern, Ausfl\u00fcge, Geburtstage, alles ist mit einer Stra\u00dfenbahn m\u00f6glich. Nur ihre Fantasie und unsere Gleise bestimmen die Grenzen. Die Museumslinie in Malmk\u00f6ping: Wir arrangieren das au\u00dfergew\u00f6hnliche Fest, etwas, was die Freunde nie vergessen werden! Mieten Sie eine Stra\u00dfenbahn zum Fest &#8211; wir [&hellip;]<\/p>\n","protected":false},"author":3,"featured_media":0,"parent":0,"menu_order":0,"comment_status":"closed","ping_status":"open","template":"","meta":{"footnotes":""},"class_list":["post-983","page","type-page","status-publish","hentry"],"publishpress_future_action":{"enabled":false,"date":"2026-04-28 18:31:38","action":"change-status","newStatus":"draft","terms":[],"taxonomy":"translation_priority","extraData":[]},"publishpress_future_workflow_manual_trigger":{"enabledWorkflows":[]},"_links":{"self":[{"href":"https:\/\/www.sparvagssallskapet.se\/de\/wp-json\/wp\/v2\/pages\/983","targetHints":{"allow":["GET"]}}],"collection":[{"href":"https:\/\/www.sparvagssallskapet.se\/de\/wp-json\/wp\/v2\/pages"}],"about":[{"href":"https:\/\/www.sparvagssallskapet.se\/de\/wp-json\/wp\/v2\/types\/page"}],"author":[{"embeddable":true,"href":"https:\/\/www.sparvagssallskapet.se\/de\/wp-json\/wp\/v2\/users\/3"}],"replies":[{"embeddable":true,"href":"https:\/\/www.sparvagssallskapet.se\/de\/wp-json\/wp\/v2\/comments?post=983"}],"version-history":[{"count":0,"href":"https:\/\/www.sparvagssallskapet.se\/de\/wp-json\/wp\/v2\/pages\/983\/revisions"}],"wp:attachment":[{"href":"https:\/\/www.sparvagssallskapet.se\/de\/wp-json\/wp\/v2\/media?parent=983"}],"curies":[{"name":"wp","href":"https:\/\/api.w.org\/{rel}","templated":true}]}}