{"id":695,"date":"2013-08-24T18:05:21","date_gmt":"2013-08-24T16:05:21","guid":{"rendered":"https:\/\/www.sparvagssallskapet.se\/wordpress\/?page_id=695"},"modified":"2018-03-05T12:52:33","modified_gmt":"2018-03-05T11:52:33","slug":"uber-uns","status":"publish","type":"page","link":"https:\/\/www.sparvagssallskapet.se\/de\/uber-uns\/","title":{"rendered":"\u00dcber uns"},"content":{"rendered":"<h2><b>Der Schwedische Stra\u00dfenbahnverein<\/b><\/h2>\n<p><img loading=\"lazy\" decoding=\"async\" class=\"alignleft size-medium wp-image-491\" src=\"https:\/\/www.sparvagssallskapet.se\/wordpress\/wp-content\/uploads\/2013\/08\/Nr_vagn10_barn-300x211.jpg\" alt=\"Barn vid vagn 10\" width=\"300\" height=\"211\" srcset=\"https:\/\/www.sparvagssallskapet.se\/wordpress\/wp-content\/uploads\/2013\/08\/Nr_vagn10_barn-300x211.jpg 300w, https:\/\/www.sparvagssallskapet.se\/wordpress\/wp-content\/uploads\/2013\/08\/Nr_vagn10_barn.jpg 330w\" sizes=\"auto, (max-width: 300px) 100vw, 300px\" \/><\/p>\n<p>Der Schwedische Stra\u00dfenbahnverein, gegr\u00fcndet im Jahre 1959, ist eine idelle Vereinigung mit dem Ziel, alle am schwedischen Nahverkehr, dessen Geschichte und Entwicklung zu sammeln.<\/p>\n<p>Wir, die wir die Museumsbahnen in Malmk\u00f6ping, Malm\u00f6 und Djurgardslinjen mitten in Stockholm aufrecht erhalten, tun das in unserer Freizeit. Das ist unsere Alternative zum Fu\u00dfballspielen im Verein, zum Briefmarkensammeln oder Chorsingen. Sie und Ihre Familie sind auch in dem Schwedische Stra\u00dfenbahnverein\u00a0willkommen. Sie k\u00f6nnen Menschen unterschiedlichen Alters und Berufsausrichtung treffen. Das Interesse an schienengebundenem Verkehr ist der gemeinsame Nenner.<\/p>\n<p><img loading=\"lazy\" decoding=\"async\" class=\"alignright size-medium wp-image-458\" src=\"https:\/\/www.sparvagssallskapet.se\/wordpress\/wp-content\/uploads\/2013\/08\/MSS-300x186.jpg\" alt=\"Malm\u00f6 museisp\u00e5rv\u00e4g\" width=\"300\" height=\"186\" srcset=\"https:\/\/www.sparvagssallskapet.se\/wordpress\/wp-content\/uploads\/2013\/08\/MSS-300x186.jpg 300w, https:\/\/www.sparvagssallskapet.se\/wordpress\/wp-content\/uploads\/2013\/08\/MSS.jpg 600w\" sizes=\"auto, (max-width: 300px) 100vw, 300px\" \/><\/p>\n<h3><b>Museumsbahnen<\/b><\/h3>\n<p>Seit 1969 haben wir in <a href=\"https:\/\/www.muma.se\" target=\"_blank\" rel=\"noopener\">Malmk\u00f6ping<\/a> Schwedens Nahverkehrsmuseum aufgebaut. Auf der <a href=\"https:\/\/www.djurgardslinjen.se\" target=\"_blank\" rel=\"noopener\">Djurgardslinie<\/a> haben wir seit deren Beginn im Jahre 1991 f\u00fcnf Millionen Reisende gehabt. Im Jahre 1996 feierten wir in <a href=\"http:\/\/www.mss.se\" target=\"_blank\" rel=\"noopener\">Malm\u00f6<\/a> das 90. Jubil\u00e4um der Elektrifizierung der Stra\u00dfenbahn. Durch die <a title=\"Ortsgruppen\" href=\"https:\/\/www.sparvagssallskapet.se\/de\/ortsgruppen\/\">\u00f6rtlichen Abteilungen<\/a> im Westen, S\u00fcden und Norden gibt es f\u00fcr Sie, die aktiv werden wollen, Platz und Aufgaben.<\/p>\n<p>Wenn Sie gerne mit Menschen umgehen, k\u00f6nnen Sie Schaffner oder Informant\/Verk\u00e4ufer werden. Dann k\u00f6nnen Sie sich weiterbilden zum Stra\u00dfenbahnfahrer und k\u00f6nnen selbst unsere Museumswagen\u00a0fahren. Werden Sie in dem Schwedische Stra\u00dfenbahnverein\u00a0<a title=\"Werden Sie aktiv\" href=\"https:\/\/www.sparvagssallskapet.se\/de\/werden-sie-aktiv\/\">aktiv<\/a>.<\/p>\n<h3><img loading=\"lazy\" decoding=\"async\" class=\"alignright size-medium wp-image-485\" src=\"https:\/\/www.sparvagssallskapet.se\/wordpress\/wp-content\/uploads\/2013\/08\/3xkloner-GS-606-239x300.jpg\" alt=\"3 x kloner i GS 606\" width=\"239\" height=\"300\" srcset=\"https:\/\/www.sparvagssallskapet.se\/wordpress\/wp-content\/uploads\/2013\/08\/3xkloner-GS-606-239x300.jpg 239w, https:\/\/www.sparvagssallskapet.se\/wordpress\/wp-content\/uploads\/2013\/08\/3xkloner-GS-606.jpg 352w\" sizes=\"auto, (max-width: 239px) 100vw, 239px\" \/><b>Werden Sie Mitglied<\/b>!<\/h3>\n<p>Die Mitgliedschaft erm\u00f6glicht Ihnen freie Fahrten mit den Museumsstra\u00dfenbahnen in Malmk\u00f6ping, Malm\u00f6 und auf der Djurgardslinie. Sie bekommen zwei gut gef\u00fcllte Mitgliedszeitschriften mit <a title=\"Zeitschriften\" href=\"https:\/\/www.sparvagssallskapet.se\/de\/zeitschriften\/\">Neuigkeiten <\/a>und R\u00fcckschauen zum Stra\u00dfenbahnverkehr sowohl in Schweden als auch im Ausland. Sie bekommen Einladungen zu Vortr\u00e4gen, Filmabenden, Ausfl\u00fcgen und anderem. vor kurzem hat eine Gruppe von Mitgliedern eine Weltreise gemacht! Beachten sie unseren Kalender, was die Veranstaltungen angeht.<\/p>\n<p>Auch wenn Sie selbst nicht eine Stra\u00dfenbahn fahren m\u00f6chten, werden Sie und Ihre Familie viel Spa\u00df an der Mitgliedschaft haben.<\/p>\n<p><a title=\"Werden Sie Mitglied\" href=\"https:\/\/www.sparvagssallskapet.se\/de\/werden-sie-mitglied\/\"><b>Werden Sie Mitglied!<\/b><\/a><\/p>\n","protected":false},"excerpt":{"rendered":"<p>Der Schwedische Stra\u00dfenbahnverein Der Schwedische Stra\u00dfenbahnverein, gegr\u00fcndet im Jahre 1959, ist eine idelle Vereinigung mit dem Ziel, alle am schwedischen Nahverkehr, dessen Geschichte und Entwicklung zu sammeln. Wir, die wir die Museumsbahnen in Malmk\u00f6ping, Malm\u00f6 und Djurgardslinjen mitten in Stockholm aufrecht erhalten, tun das in unserer Freizeit. Das ist unsere Alternative zum Fu\u00dfballspielen im Verein, [&hellip;]<\/p>\n","protected":false},"author":3,"featured_media":0,"parent":0,"menu_order":0,"comment_status":"closed","ping_status":"open","template":"","meta":{"footnotes":""},"class_list":["post-695","page","type-page","status-publish","hentry"],"publishpress_future_action":{"enabled":false,"date":"2026-04-28 19:25:02","action":"change-status","newStatus":"draft","terms":[],"taxonomy":"translation_priority","extraData":[]},"publishpress_future_workflow_manual_trigger":{"enabledWorkflows":[]},"_links":{"self":[{"href":"https:\/\/www.sparvagssallskapet.se\/de\/wp-json\/wp\/v2\/pages\/695","targetHints":{"allow":["GET"]}}],"collection":[{"href":"https:\/\/www.sparvagssallskapet.se\/de\/wp-json\/wp\/v2\/pages"}],"about":[{"href":"https:\/\/www.sparvagssallskapet.se\/de\/wp-json\/wp\/v2\/types\/page"}],"author":[{"embeddable":true,"href":"https:\/\/www.sparvagssallskapet.se\/de\/wp-json\/wp\/v2\/users\/3"}],"replies":[{"embeddable":true,"href":"https:\/\/www.sparvagssallskapet.se\/de\/wp-json\/wp\/v2\/comments?post=695"}],"version-history":[{"count":0,"href":"https:\/\/www.sparvagssallskapet.se\/de\/wp-json\/wp\/v2\/pages\/695\/revisions"}],"wp:attachment":[{"href":"https:\/\/www.sparvagssallskapet.se\/de\/wp-json\/wp\/v2\/media?parent=695"}],"curies":[{"name":"wp","href":"https:\/\/api.w.org\/{rel}","templated":true}]}}