{"id":683,"date":"2013-08-24T18:04:12","date_gmt":"2013-08-24T16:04:12","guid":{"rendered":"https:\/\/www.sparvagssallskapet.se\/wordpress\/?page_id=683"},"modified":"2022-05-17T08:23:32","modified_gmt":"2022-05-17T06:23:32","slug":"museumslinien","status":"publish","type":"page","link":"https:\/\/www.sparvagssallskapet.se\/de\/museumslinien\/","title":{"rendered":"Museumslinien"},"content":{"rendered":"<p>Der Schwedische Stra\u00dfenbahnverein betreibt Museumsverkehr an vier Orten in Schweden.<\/p>\n<p><img loading=\"lazy\" decoding=\"async\" class=\"alignright size-medium wp-image-430\" src=\"https:\/\/www.sparvagssallskapet.se\/wordpress\/wp-content\/uploads\/2013\/08\/US10-Danne-barn-212x300.jpg\" alt=\"US10 och Danne med barn\" width=\"212\" height=\"300\" srcset=\"https:\/\/www.sparvagssallskapet.se\/wordpress\/wp-content\/uploads\/2013\/08\/US10-Danne-barn-212x300.jpg 212w, https:\/\/www.sparvagssallskapet.se\/wordpress\/wp-content\/uploads\/2013\/08\/US10-Danne-barn.jpg 425w\" sizes=\"auto, (max-width: 212px) 100vw, 212px\" \/><img loading=\"lazy\" decoding=\"async\" class=\"alignleft size-full wp-image-499\" src=\"https:\/\/www.sparvagssallskapet.se\/wordpress\/wp-content\/uploads\/2013\/08\/32px-Malmkoping_vapen.png\" alt=\"Muma\" width=\"32\" height=\"32\" \/><a class=\"newwin\" title=\"Museisp\u00e5rv\u00e4gen Malmk\u00f6ping\" href=\"https:\/\/www.muma.se\" target=\"_blank\" rel=\"noopener\">Die Museumslinie in Malmk\u00f6ping<\/a><br \/>\nDie Stra\u00dfenbahn bringt sie an die Ostsee, an die sch\u00f6ne Haltestelle mitten im herrlichen S\u00f6dermanland. Auf der Museumslinie in Malmk\u00f6ping wird die schwedische Nahverkehrsgeschichte durch Stra\u00dfenbahnen und Busse aus vielen St\u00e4dten und Epochen verdeutlicht.<\/p>\n<p><img loading=\"lazy\" decoding=\"async\" class=\"alignleft size-full wp-image-498\" src=\"https:\/\/www.sparvagssallskapet.se\/wordpress\/wp-content\/uploads\/2013\/08\/7N.gif\" alt=\"7N\" width=\"32\" height=\"32\" \/><a class=\"newwin\" title=\"Djurg\u00e5rdslinjen\" href=\"https:\/\/www.djurgardslinjen.se\" target=\"_blank\" rel=\"noopener\">Die Djurgardslinie<\/a> in Stockholm<br \/>\nDie Stra\u00dfenbahn bringt Sie vom Norrmalmstorg zum landschaftlich attraktiven Djurgard. Dort finden Sie das Wasamuseum, das Nordische Museum, Junibacken, Skansen, Gr\u00f6na Lund Tivoli, das Hasselbacken Restaurang und das sch\u00f6n gelegene Waldemarsudde und Rosendal.<\/p>\n<p><img loading=\"lazy\" decoding=\"async\" class=\"alignleft size-full wp-image-497\" src=\"https:\/\/www.sparvagssallskapet.se\/wordpress\/wp-content\/uploads\/2013\/08\/mss.png\" alt=\"MSS\" width=\"32\" height=\"32\" \/><a class=\"newwin\" title=\"Malm\u00f6 Stads Sp\u00e5rv\u00e4gar Museif\u00f6rening\" href=\"http:\/\/www.mss.se\" target=\"_blank\" rel=\"noopener\">Museumsvereinigung der Malm\u00f6er Stra\u00dfenbahn<\/a><br \/>\nDie Stra\u00dfenbahn kann durch die sch\u00f6ne Parklandschaft im Zentrum von Malm\u00f6 rollen, von Ban\u00e9rskajen \u00fcber Malm\u00f6husv\u00e4gen und Kung Oscars v\u00e4g bis zur Stadtbibliothek. Welche Stra\u00dfenbahn Sie auch immer w\u00e4hlen, Sie befinden sich in einer guten Gesellschaft.<\/p>\n<p><img loading=\"lazy\" decoding=\"async\" class=\"alignleft size-full wp-image-500\" src=\"https:\/\/www.sparvagssallskapet.se\/wordpress\/wp-content\/uploads\/2013\/08\/norrkoping.gif\" alt=\"Norrk\u00f6ping\" width=\"32\" height=\"32\" \/><a title=\"Museumswagen in Norrk\u00f6ping\" href=\"https:\/\/www.sparvagssallskapet.se\/de\/norrkoping\/\">Norrk\u00f6ping<\/a><br \/>\nMuseumsverkehr mit alten Stra\u00dfenbahnen in &#8216;der Stadt der Promenaden&#8217;.<\/p>\n","protected":false},"excerpt":{"rendered":"<p>Der Schwedische Stra\u00dfenbahnverein betreibt Museumsverkehr an vier Orten in Schweden. Die Museumslinie in Malmk\u00f6ping Die Stra\u00dfenbahn bringt sie an die Ostsee, an die sch\u00f6ne Haltestelle mitten im herrlichen S\u00f6dermanland. Auf der Museumslinie in Malmk\u00f6ping wird die schwedische Nahverkehrsgeschichte durch Stra\u00dfenbahnen und Busse aus vielen St\u00e4dten und Epochen verdeutlicht. Die Djurgardslinie in Stockholm Die Stra\u00dfenbahn bringt [&hellip;]<\/p>\n","protected":false},"author":3,"featured_media":0,"parent":0,"menu_order":0,"comment_status":"closed","ping_status":"open","template":"","meta":{"footnotes":""},"class_list":["post-683","page","type-page","status-publish","hentry"],"publishpress_future_action":{"enabled":false,"date":"2026-05-19 10:06:33","action":"change-status","newStatus":"draft","terms":[],"taxonomy":"translation_priority","extraData":[]},"publishpress_future_workflow_manual_trigger":{"enabledWorkflows":[]},"_links":{"self":[{"href":"https:\/\/www.sparvagssallskapet.se\/de\/wp-json\/wp\/v2\/pages\/683","targetHints":{"allow":["GET"]}}],"collection":[{"href":"https:\/\/www.sparvagssallskapet.se\/de\/wp-json\/wp\/v2\/pages"}],"about":[{"href":"https:\/\/www.sparvagssallskapet.se\/de\/wp-json\/wp\/v2\/types\/page"}],"author":[{"embeddable":true,"href":"https:\/\/www.sparvagssallskapet.se\/de\/wp-json\/wp\/v2\/users\/3"}],"replies":[{"embeddable":true,"href":"https:\/\/www.sparvagssallskapet.se\/de\/wp-json\/wp\/v2\/comments?post=683"}],"version-history":[{"count":0,"href":"https:\/\/www.sparvagssallskapet.se\/de\/wp-json\/wp\/v2\/pages\/683\/revisions"}],"wp:attachment":[{"href":"https:\/\/www.sparvagssallskapet.se\/de\/wp-json\/wp\/v2\/media?parent=683"}],"curies":[{"name":"wp","href":"https:\/\/api.w.org\/{rel}","templated":true}]}}