{"id":676,"date":"2013-08-25T15:21:16","date_gmt":"2013-08-25T13:21:16","guid":{"rendered":"https:\/\/www.sparvagssallskapet.se\/wordpress\/?page_id=676"},"modified":"2022-05-17T08:24:34","modified_gmt":"2022-05-17T06:24:34","slug":"start","status":"publish","type":"page","link":"https:\/\/www.sparvagssallskapet.se\/de\/","title":{"rendered":"Willkommen bei Schwedens rollenden Stra\u00dfenbahnmuseen"},"content":{"rendered":"<h3>Der gr\u00f6\u00dfte Webplatz f\u00fcr Nahverkehrsinteressierte seit 1996<\/h3>\n<p>Die schwedische Stra\u00dfenbahngesellschaft betreibt <a title=\"Museumslinien\" href=\"https:\/\/www.sparvagssallskapet.se\/de\/museumslinien\/\">Museumsverkehr<\/a> an vier Orten in Schweden. In Malmk\u00f6ping befindet sich das schwedische Nahverkehrsmuseum mit erhaltenen Stra\u00dfenbahnen und Bussen aus vielen schwedischen St\u00e4dten. Wir fahren auch in Stockholm, Norrk\u00f6ping und Malm\u00f6 und arbeiten mit der Ringlinie in G\u00f6teborg zusammen. Nehmen sie Platz auf den alten Sitzen und lassen Sie sich von einer unserer Stra\u00dfenbahnen aus der ersten H\u00e4lfte des 20. Jahrhundert mit auf die Strecke nehmen.<\/p>\n<p>Diskutieren Sie Nahverkehr im <a href=\"https:\/\/forum.sparvagssallskapet.se\/\">Forum<\/a>, in dem sich einfache Fragen und tiefergehende Beitr\u00e4ge harmonisch mischen. Auf unseren <a href=\"\/fakta\/deutsch.php\">Faktenseiten<\/a> finden sie alles \u00fcber Stra\u00dfenbahnen und Stra\u00dfenbahnlinien in den nordischen L\u00e4ndern.<\/p>\n<p><img loading=\"lazy\" decoding=\"async\" class=\"alignnone  wp-image-707\" src=\"https:\/\/www.sparvagssallskapet.se\/wordpress\/wp-content\/uploads\/2013\/08\/Putta_00611.jpg\" alt=\"Putta\" width=\"970\" height=\"355\" srcset=\"https:\/\/www.sparvagssallskapet.se\/wordpress\/wp-content\/uploads\/2013\/08\/Putta_00611.jpg 970w, https:\/\/www.sparvagssallskapet.se\/wordpress\/wp-content\/uploads\/2013\/08\/Putta_00611-300x109.jpg 300w\" sizes=\"auto, (max-width: 970px) 100vw, 970px\" \/><\/p>\n","protected":false},"excerpt":{"rendered":"<p>Der gr\u00f6\u00dfte Webplatz f\u00fcr Nahverkehrsinteressierte seit 1996 Die schwedische Stra\u00dfenbahngesellschaft betreibt Museumsverkehr an vier Orten in Schweden. In Malmk\u00f6ping befindet sich das schwedische Nahverkehrsmuseum mit erhaltenen Stra\u00dfenbahnen und Bussen aus vielen schwedischen St\u00e4dten. Wir fahren auch in Stockholm, Norrk\u00f6ping und Malm\u00f6 und arbeiten mit der Ringlinie in G\u00f6teborg zusammen. Nehmen sie Platz auf den alten [&hellip;]<\/p>\n","protected":false},"author":3,"featured_media":0,"parent":0,"menu_order":0,"comment_status":"closed","ping_status":"closed","template":"","meta":{"footnotes":""},"class_list":["post-676","page","type-page","status-publish","hentry"],"publishpress_future_action":{"enabled":false,"date":"2026-05-08 11:56:18","action":"change-status","newStatus":"draft","terms":[],"taxonomy":"translation_priority","extraData":[]},"publishpress_future_workflow_manual_trigger":{"enabledWorkflows":[]},"_links":{"self":[{"href":"https:\/\/www.sparvagssallskapet.se\/de\/wp-json\/wp\/v2\/pages\/676","targetHints":{"allow":["GET"]}}],"collection":[{"href":"https:\/\/www.sparvagssallskapet.se\/de\/wp-json\/wp\/v2\/pages"}],"about":[{"href":"https:\/\/www.sparvagssallskapet.se\/de\/wp-json\/wp\/v2\/types\/page"}],"author":[{"embeddable":true,"href":"https:\/\/www.sparvagssallskapet.se\/de\/wp-json\/wp\/v2\/users\/3"}],"replies":[{"embeddable":true,"href":"https:\/\/www.sparvagssallskapet.se\/de\/wp-json\/wp\/v2\/comments?post=676"}],"version-history":[{"count":0,"href":"https:\/\/www.sparvagssallskapet.se\/de\/wp-json\/wp\/v2\/pages\/676\/revisions"}],"wp:attachment":[{"href":"https:\/\/www.sparvagssallskapet.se\/de\/wp-json\/wp\/v2\/media?parent=676"}],"curies":[{"name":"wp","href":"https:\/\/api.w.org\/{rel}","templated":true}]}}