{"id":6593,"date":"2014-08-17T12:13:25","date_gmt":"2014-08-17T10:13:25","guid":{"rendered":"https:\/\/www.sparvagssallskapet.se\/?page_id=6593"},"modified":"2021-03-07T10:27:19","modified_gmt":"2021-03-07T09:27:19","slug":"werden-sie-aktiv","status":"publish","type":"page","link":"https:\/\/www.sparvagssallskapet.se\/de\/werden-sie-aktiv\/","title":{"rendered":"Werden Sie Aktiv"},"content":{"rendered":"<h2><img loading=\"lazy\" decoding=\"async\" class=\"alignright size-medium wp-image-432\" src=\"https:\/\/www.sparvagssallskapet.se\/wordpress\/wp-content\/uploads\/2013\/08\/Elinor-200x300.jpg\" alt=\"Elinor\" width=\"200\" height=\"300\" srcset=\"https:\/\/www.sparvagssallskapet.se\/wordpress\/wp-content\/uploads\/2013\/08\/Elinor-200x300.jpg 200w, https:\/\/www.sparvagssallskapet.se\/wordpress\/wp-content\/uploads\/2013\/08\/Elinor.jpg 400w\" sizes=\"auto, (max-width: 200px) 100vw, 200px\" \/><br \/>\nin de Schwedische Stra\u00dfenbahnverein<\/h2>\n<p>Der Schwedische Stra\u00dfenbahnverein betreibt <a title=\"Museumslinien\" href=\"https:\/\/www.sparvagssallskapet.se\/de\/museumslinien\/\">Museumsstra\u00dfenbahnen<\/a> an vier Orten in Schweden. Seit dem Jahre 1969 befindet sich in <a href=\"https:\/\/www.muma.se\" target=\"_blank\" rel=\"noopener\">Malmk\u00f6ping<\/a> das schwedische Museum f\u00fcr den \u00f6ffentlichen Nahverkehr mit erhaltenen Stra\u00dfenbahnen und Bussen aus vielen schwedischen St\u00e4dten. Wir fahren auch in <a title=\"Museumswagen  in Norrk\u00f6ping\" href=\"https:\/\/www.sparvagssallskapet.se\/de\/norrkoping\/\">Norrk\u00f6ping<\/a>, auf der <a href=\"https:\/\/www.djurgardslinjen.se\" target=\"_blank\" rel=\"noopener\">Djurgardslinie<\/a> in Stockholm, auf der <a href=\"http:\/\/www.mss.se\" target=\"_blank\" rel=\"noopener\">Museumslinie in Malm\u00f6<\/a> und arbeiten mit der <a href=\"http:\/\/www.ringlinien.org\" target=\"_blank\" rel=\"noopener\">Ringlinie<\/a> in G\u00f6teborg zusammen.<\/p>\n<p>Durch die <a title=\"Ortsgruppen\" href=\"https:\/\/www.sparvagssallskapet.se\/de\/ortsgruppen\/\">Ortsverb\u00e4nde<\/a> im Westen, S\u00fcden und Norden gibt es f\u00fcr Sie Platz und Aufgaben, wenn sie sich einbringen wollen.<\/p>\n<p><b>Verwaltung<\/b><\/p>\n<p>Eine Vereinigung unserer Gr\u00f6\u00dfe ben\u00f6tigt immer Administratoren, Vorstandsmitglieder und Personen, die sich gern mit organisatorischen Aufgaben befassen.<\/p>\n<h3>Betrieb<\/h3>\n<p>Wenn Sie im Betrieb aktiv werden wollen, fangen sie als Schaffner an und zeigen auf athentische Weise, wie fr\u00fcher Stra\u00dfenbahnen gefahren wurden und betreuen die Besucher w\u00e4hrend der Stra\u00dfenbahnfahrt. Sie bekommen eine gr\u00fcndliche Sicherheitsausbildung, in der Sie Rangieren, Signaltechnik, Kuppeln u.a. lernen. Danach k\u00f6nnen Sie als stra\u00dfenbahnfahrer ausgebildet werden und selbst unsere Stra\u00dfenbahnen fahren.<\/p>\n<h3><b>Fahrzeugwartung<\/b><\/h3>\n<p><img loading=\"lazy\" decoding=\"async\" class=\"alignright size-medium wp-image-448\" src=\"https:\/\/www.sparvagssallskapet.se\/wordpress\/wp-content\/uploads\/2013\/08\/Vagnputs-300x251.jpg\" alt=\"Vagnputs\" width=\"300\" height=\"251\" srcset=\"https:\/\/www.sparvagssallskapet.se\/wordpress\/wp-content\/uploads\/2013\/08\/Vagnputs-300x251.jpg 300w, https:\/\/www.sparvagssallskapet.se\/wordpress\/wp-content\/uploads\/2013\/08\/Vagnputs.jpg 600w\" sizes=\"auto, (max-width: 300px) 100vw, 300px\" \/><\/p>\n<p>M\u00f6chten Sie sich lieber mit den Fahrzeugen besch\u00e4ftigen, m\u00fcssen knifflige elektrotechnische Probleme gel\u00f6st werden, mechanische Funktionen wiederhergestellt werden, Schreinerei- und Malerarbeiten ausgef\u00fchrt werden. Bei uns k\u00f6nnen Sie das lernen, was Sie k\u00f6nnen m\u00fcssen.<\/p>\n<h3>Arbeiten an der Trasse<\/h3>\n<p>Im Fr\u00fchjahr und Herbst arbeiten wir auf der Trasse in Malmk\u00f6ping und f\u00fchren Trassenkontrolle, Schleifwechsel und andere Unterhaltungsarbeiten durch. Manchmal verlegen wir auch neue Schienen und bringen Oberleitungen an. wenn sie drau\u00dfen arbeiten m\u00f6chten, sind Arbeiten an der Trasse etwas f\u00fcr Sie!<\/p>\n<p><b>Engagieren Sie sich in Malmk\u00f6ping<\/b><\/p>\n<p>Bei der Museumsbahn in Malmk\u00f6ping findet Stra\u00dfenbahnverkehr und Verkauf von Mai bis September statt. Die technischen Arbeiten, wie Unterhaltung und Restaurierung von Stra\u00dfenbahnen und Bussen sowie die Unterhaltung und der Ausbau von Gleis- und Oberleitungsanlagen laufen das ganze Jahr \u00fcber. <a href=\"https:\/\/www.muma.se\/de\/uber-uns\/\" target=\"_blank\" rel=\"noopener\">Lesen Sie mehr dar\u00fcber, wie Sie in Malmk\u00f6ping aktiv werden k\u00f6nnen<\/a>.<\/p>\n<p>&nbsp;<\/p>\n","protected":false},"excerpt":{"rendered":"<p>in de Schwedische Stra\u00dfenbahnverein Der Schwedische Stra\u00dfenbahnverein betreibt Museumsstra\u00dfenbahnen an vier Orten in Schweden. Seit dem Jahre 1969 befindet sich in Malmk\u00f6ping das schwedische Museum f\u00fcr den \u00f6ffentlichen Nahverkehr mit erhaltenen Stra\u00dfenbahnen und Bussen aus vielen schwedischen St\u00e4dten. Wir fahren auch in Norrk\u00f6ping, auf der Djurgardslinie in Stockholm, auf der Museumslinie in Malm\u00f6 und arbeiten [&hellip;]<\/p>\n","protected":false},"author":3,"featured_media":0,"parent":0,"menu_order":0,"comment_status":"closed","ping_status":"closed","template":"","meta":{"footnotes":""},"class_list":["post-6593","page","type-page","status-publish","hentry"],"publishpress_future_action":{"enabled":false,"date":"2026-05-21 10:55:43","action":"change-status","newStatus":"draft","terms":[],"taxonomy":"translation_priority","extraData":[]},"publishpress_future_workflow_manual_trigger":{"enabledWorkflows":[]},"_links":{"self":[{"href":"https:\/\/www.sparvagssallskapet.se\/de\/wp-json\/wp\/v2\/pages\/6593","targetHints":{"allow":["GET"]}}],"collection":[{"href":"https:\/\/www.sparvagssallskapet.se\/de\/wp-json\/wp\/v2\/pages"}],"about":[{"href":"https:\/\/www.sparvagssallskapet.se\/de\/wp-json\/wp\/v2\/types\/page"}],"author":[{"embeddable":true,"href":"https:\/\/www.sparvagssallskapet.se\/de\/wp-json\/wp\/v2\/users\/3"}],"replies":[{"embeddable":true,"href":"https:\/\/www.sparvagssallskapet.se\/de\/wp-json\/wp\/v2\/comments?post=6593"}],"version-history":[{"count":0,"href":"https:\/\/www.sparvagssallskapet.se\/de\/wp-json\/wp\/v2\/pages\/6593\/revisions"}],"wp:attachment":[{"href":"https:\/\/www.sparvagssallskapet.se\/de\/wp-json\/wp\/v2\/media?parent=6593"}],"curies":[{"name":"wp","href":"https:\/\/api.w.org\/{rel}","templated":true}]}}