{"id":1871,"date":"2014-02-09T08:03:48","date_gmt":"2014-02-09T07:03:48","guid":{"rendered":"https:\/\/www.sparvagssallskapet.se\/?page_id=1871"},"modified":"2021-03-07T10:26:26","modified_gmt":"2021-03-07T09:26:26","slug":"einen-buss-mieten","status":"publish","type":"page","link":"https:\/\/www.sparvagssallskapet.se\/de\/einen-buss-mieten\/","title":{"rendered":"Einen Buss mieten"},"content":{"rendered":"<p>Die Busse k\u00f6nnen f\u00fcr Fahrten in Mittelschweden das ganze Jahr \u00fcber gemietet werden: <a href=\"https:\/\/www.muma.se\/de\/bus-mieten\/\" target=\"_blank\" rel=\"noopener\">www.muma.se<\/a><\/p>\n","protected":false},"excerpt":{"rendered":"<p>Die Busse k\u00f6nnen f\u00fcr Fahrten in Mittelschweden das ganze Jahr \u00fcber gemietet werden: www.muma.se<\/p>\n","protected":false},"author":3,"featured_media":0,"parent":0,"menu_order":0,"comment_status":"closed","ping_status":"closed","template":"","meta":{"footnotes":""},"class_list":["post-1871","page","type-page","status-publish","hentry"],"publishpress_future_action":{"enabled":false,"date":"2026-04-28 20:57:07","action":"change-status","newStatus":"draft","terms":[],"taxonomy":"translation_priority","extraData":[]},"publishpress_future_workflow_manual_trigger":{"enabledWorkflows":[]},"_links":{"self":[{"href":"https:\/\/www.sparvagssallskapet.se\/de\/wp-json\/wp\/v2\/pages\/1871","targetHints":{"allow":["GET"]}}],"collection":[{"href":"https:\/\/www.sparvagssallskapet.se\/de\/wp-json\/wp\/v2\/pages"}],"about":[{"href":"https:\/\/www.sparvagssallskapet.se\/de\/wp-json\/wp\/v2\/types\/page"}],"author":[{"embeddable":true,"href":"https:\/\/www.sparvagssallskapet.se\/de\/wp-json\/wp\/v2\/users\/3"}],"replies":[{"embeddable":true,"href":"https:\/\/www.sparvagssallskapet.se\/de\/wp-json\/wp\/v2\/comments?post=1871"}],"version-history":[{"count":0,"href":"https:\/\/www.sparvagssallskapet.se\/de\/wp-json\/wp\/v2\/pages\/1871\/revisions"}],"wp:attachment":[{"href":"https:\/\/www.sparvagssallskapet.se\/de\/wp-json\/wp\/v2\/media?parent=1871"}],"curies":[{"name":"wp","href":"https:\/\/api.w.org\/{rel}","templated":true}]}}