{"id":1015,"date":"2013-08-26T12:51:18","date_gmt":"2013-08-26T10:51:18","guid":{"rendered":"https:\/\/www.sparvagssallskapet.se\/wordpress\/?page_id=1015"},"modified":"2021-03-07T10:23:49","modified_gmt":"2021-03-07T09:23:49","slug":"info-uber-die-homepage","status":"publish","type":"page","link":"https:\/\/www.sparvagssallskapet.se\/de\/info-uber-die-homepage\/","title":{"rendered":"Info \u00fcber die Homepage"},"content":{"rendered":"<p><img loading=\"lazy\" decoding=\"async\" class=\"alignright size-medium wp-image-436\" src=\"https:\/\/www.sparvagssallskapet.se\/wordpress\/wp-content\/uploads\/2013\/08\/Upplysningar-300x200.jpg\" alt=\"Upplysningar\" width=\"300\" height=\"200\" srcset=\"https:\/\/www.sparvagssallskapet.se\/wordpress\/wp-content\/uploads\/2013\/08\/Upplysningar-300x200.jpg 300w, https:\/\/www.sparvagssallskapet.se\/wordpress\/wp-content\/uploads\/2013\/08\/Upplysningar.jpg 600w\" sizes=\"auto, (max-width: 300px) 100vw, 300px\" \/><\/p>\n<p>Diese Homepage ist die Stra\u00dfenbahnsite f\u00fcr ganz Schweden und ist im Besitz des Schwedischen Stra\u00dfenbahnvereins, Organisationsnummer 802004-7414.<\/p>\n<h3 id=\"copyright\"><b>Urheberrecht<\/b><\/h3>\n<p>Alles Material auf der Website des Schwedischen Stra\u00dfenbahnvereins wird durch schwedisches und internationales Urheberrecht gesch\u00fctzt. Nachdruck und anderweitiges Kopieren sind verboten. Zuwiderhandlungen werden verfolgt.<\/p>\n<p>Die Verfasser der Artikel, die Fotografen und andere Mitarbeiter haben die Rechte an ihren Erzeugnissen, aber haben, dadurch, dass ihre Erzeugnisse ver\u00f6ffentlicht worden sind, dem Schwedischen Stra\u00dfenbahnverein das Recht gegeben, diese auf der Website des Schwedischen Stra\u00dfenbahnvereins zu verwenden.<\/p>\n<p>Eine Weitergabe des Inhalts der Website des Schwedischen Stra\u00dfenbahnvereins, wie Texte, Bilder und Ideen ist verboten. Wenn jemand das Material verwenden m\u00f6chte, soll der Schwedische Stra\u00dfenbahnverein \u00fcber den Infomaster <a title=\"Kontaktieren Sie uns\" href=\"https:\/\/www.sparvagssallskapet.se\/de\/kontaktieren-sie-uns\/\">kontaktiert<\/a> werden, alternativ soll der jeweilige Mitarbeiter selbst kontaktiert werden.<\/p>\n<h3><b>Registrierte Marke<\/b><\/h3>\n<p><a href=\"https:\/\/www.djurgardslinjen.se\" target=\"_blank\" rel=\"noopener noreferrer\"><em>Djurg\u00e5rdslinjen<\/em><\/a> ist eine registrierte Marke und ist die Bezeichnung f\u00fcr den Stra\u00dfenbahnverkehr mit \u00e4lteren Stra\u00dfenbahnen, den <a href=\"https:\/\/www.ss.se\" target=\"_blank\" rel=\"noopener noreferrer\">Stockholms Sparv\u00e4gar AB<\/a> zwischen Norrmalmstorg und Djurgarden betreibt.<\/p>\n<p><b>Cookies auf der Homepage des Schwedischen Stra\u00dfenbahnvereins<\/b><\/p>\n<p>Am 25. Juli 2003 trat ein neues Gesetz zur elektronischen Kommunikation in Kraft. Ein Teil davon betrifft Cookies auf Homepages. Ein Cookie ist eine Textdatei, die auf dem Rechner des Besuchers gespeichert wird. Cookies werden als Hilfsmittel bei vielen komplexeren Webbfunktionen verwendet. Nach Ansicht des Reichstages verletzt die Verwendung von Cookies die Integrit\u00e4t und deshalb m\u00fcssen nach Gesetz Homepages, die Cookies verwenden, dar\u00fcber informieren.<\/p>\n<p>Auf dieser Homepage werden Cookies f\u00fcr mehrere Funktionen verwendet, wie das Einloggen auf gesch\u00fctzte Seiten, Identifizierung der Nutzer f\u00fcr das Forum und f\u00fcr Sprachkontrolle. Wenn Sie Cookies vermeiden wollen, brauchen Sie diese Funktionen nicht zu verwenden und Sie k\u00f6nnen Ihren Browser so einstellen, dass Cookies nicht akzeptiert werden, aber es besteht die Gefahr, dass die Homepage nicht so funtioniert, wie sie eigentlich sollte. Wir empfehlen Ihnen daher, Cookies zuzulassen &#8211; Sie k\u00f6nnen dann in Ruhe auf der Homepage der Schwedische Stra\u00dfenbahnverein surfen.<\/p>\n<h3>Registrierung von Angaben \u00fcber die Mitglieder<\/h3>\n<p>Als Vereinigung registrieren wir Angaben zu Namen, Adresse, Telefonnummer, Emailadresse, Vertrauensposten und weitere \u00e4hnliche Angaben, die wir f\u00fcr unsere eigene Verwaltung ben\u00f6tigen. Wir kennzeichnen auch, welche Mitglieder in unseren T\u00e4tigkeiten aktiv sind und besondere Befugnisse im Einklang mit Gesetzen und Verordnungen haben, z.B. beim Sicherheitsdienst.<\/p>\n<p>Die Personennummer kann registriert werden, wenn es deutlich begr\u00fcndbar ist &#8211; z.B. wenn Mitglieder mit besonderen Befugnissen identifiziert werden m\u00fcssen, um den Versicherungsschutz zu regeln etc. Die Personennummer verwenden wir nicht als Mitgliedsnummer.<\/p>\n<p>Die Leitung des Schwedischen Stra\u00dfenbahnvereins ist daf\u00fcr verantwortlich, dass die Angaben zu Mitgliedern so verwendet werden, dass es mit dem Gesetz zu Personenangaben \u00fcbereinstimmt.<\/p>\n<p>Der Schwedische Stra\u00dfenbahnverein verwendet die Angaben im Mitgliedsregister nur intern. Wir verkaufen keine Angaben aus dem Mitgliedsregister weiter.<\/p>\n<h3>RSS<\/h3>\n<p>Abonnieren Sie die RSS-Quellen des Schwedischen Stra\u00dfenbahnvereins und halten Sie sich auf dem laufenden, was in dem Schwedischen Stra\u00dfenbahnverein oder in unserem beliebten Diskussionsforum passiert. Kopieren Sie folgende Adresse in Ihren RSS-Leser:<br \/>\nNachrichten:\u00a0<a href=\"https:\/\/www.sparvagssallskapet.se\/feed\/\" target=\"_blank\" rel=\"noopener noreferrer\">https:\/\/www.sparvagssallskapet.se\/feed\/<\/a><br \/>\nKalendariet:\u00a0<a href=\"https:\/\/www.sparvagssallskapet.se\/events\/feed\/\" target=\"_blank\" rel=\"noopener noreferrer\">https:\/\/www.sparvagssallskapet.se\/events\/feed\/<\/a><br \/>\nForum: <a href=\"https:\/\/www.sparvagssallskapet.se\/forum\/feed.php\" target=\"_blank\" rel=\"noopener noreferrer\">https:\/\/www.sparvagssallskapet.se\/forum\/feed.php<\/a><br \/>\nBlogg: <a href=\"https:\/\/blogg.sparvagssallskapet.se\/feed\/\" target=\"_blank\" rel=\"noopener noreferrer\">https:\/\/blogg.sparvagssallskapet.se\/feed\/<\/a><\/p>\n<h3>Haftungsausschluss<\/h3>\n<p>Wir garantieren nicht, dass die Informationen auf der Homepage korrekt sind. Wir behalten uns das Recht vor, den Inhalt zu \u00e4ndern oder zu aktualisiern ohne Aufforderung oder Benachrichtigung. Wir \u00fcbernehmen keine Verantwortung f\u00fcr Seiten, mit denen wir verlinkt sind. Wir haben keine Kontrolle \u00fcber oder Verantwortung f\u00fcr Seiten mit denen Sie \u00fcber diese Seite in Kontakt kommen.<\/p>\n<h3><span style=\"font-size: 1.17em;\">Foto<\/span><\/h3>\n<p>\u00a9 Bruse LF Persson, Jesper Olsson, Mimmi Henriksson, Joakim Wahlberg<\/p>\n<h3>\u00dcbersetzung<\/h3>\n<p>Deutsche \u00dcbersetzung: Uwe Carstens<br \/>\nEnglische \u00dcbersetzung: Tim Kynerd<\/p>\n<h3>Produktion<\/h3>\n<p>Diese Homepage wird von <a href=\"https:\/\/www.pantograph.se\/\" target=\"_blank\" rel=\"noopener noreferrer\">Pantograph<\/a>\u00a0produziert.<\/p>\n","protected":false},"excerpt":{"rendered":"<p>Diese Homepage ist die Stra\u00dfenbahnsite f\u00fcr ganz Schweden und ist im Besitz des Schwedischen Stra\u00dfenbahnvereins, Organisationsnummer 802004-7414. Urheberrecht Alles Material auf der Website des Schwedischen Stra\u00dfenbahnvereins wird durch schwedisches und internationales Urheberrecht gesch\u00fctzt. Nachdruck und anderweitiges Kopieren sind verboten. Zuwiderhandlungen werden verfolgt. Die Verfasser der Artikel, die Fotografen und andere Mitarbeiter haben die Rechte an [&hellip;]<\/p>\n","protected":false},"author":3,"featured_media":0,"parent":0,"menu_order":0,"comment_status":"closed","ping_status":"open","template":"","meta":{"footnotes":""},"class_list":["post-1015","page","type-page","status-publish","hentry"],"publishpress_future_action":{"enabled":false,"date":"2026-04-28 16:18:04","action":"change-status","newStatus":"draft","terms":[],"taxonomy":"translation_priority","extraData":[]},"publishpress_future_workflow_manual_trigger":{"enabledWorkflows":[]},"_links":{"self":[{"href":"https:\/\/www.sparvagssallskapet.se\/de\/wp-json\/wp\/v2\/pages\/1015","targetHints":{"allow":["GET"]}}],"collection":[{"href":"https:\/\/www.sparvagssallskapet.se\/de\/wp-json\/wp\/v2\/pages"}],"about":[{"href":"https:\/\/www.sparvagssallskapet.se\/de\/wp-json\/wp\/v2\/types\/page"}],"author":[{"embeddable":true,"href":"https:\/\/www.sparvagssallskapet.se\/de\/wp-json\/wp\/v2\/users\/3"}],"replies":[{"embeddable":true,"href":"https:\/\/www.sparvagssallskapet.se\/de\/wp-json\/wp\/v2\/comments?post=1015"}],"version-history":[{"count":0,"href":"https:\/\/www.sparvagssallskapet.se\/de\/wp-json\/wp\/v2\/pages\/1015\/revisions"}],"wp:attachment":[{"href":"https:\/\/www.sparvagssallskapet.se\/de\/wp-json\/wp\/v2\/media?parent=1015"}],"curies":[{"name":"wp","href":"https:\/\/api.w.org\/{rel}","templated":true}]}}